{"id":3329,"date":"2024-12-12T15:39:55","date_gmt":"2024-12-12T07:39:55","guid":{"rendered":"https:\/\/www.bacintl.com\/?post_type=product&#038;p=3329"},"modified":"2025-02-11T15:47:43","modified_gmt":"2025-02-11T07:47:43","slug":"250-300high-temperature-resistant-hepa-filter","status":"publish","type":"product","link":"https:\/\/www.bacintl.com\/fr\/250-300high-temperature-resistant-hepa-filter\/","title":{"rendered":"250-300\u00b0Filtre Hepa r\u00e9sistant aux hautes temp\u00e9ratures"},"content":{"rendered":"<p>Il peut \u00e9liminer les particules de poussi\u00e8re de 0,3 micron dans un volume d'air nominal. Ces filtres sont fabriqu\u00e9s \u00e0 partir de composants sp\u00e9ciaux qui leur permettent de conserver leur forme et de fonctionner correctement pendant une longue p\u00e9riode \u00e0 des temp\u00e9ratures extr\u00eamement \u00e9lev\u00e9es. De plus, le m\u00e9dia filtrant pr\u00e9sente deux indentations lorsqu'il est pli\u00e9, de sorte qu'il peut \u00eatre pli\u00e9 en forme de coin \u00e0 l'extr\u00e9mit\u00e9 de la cloison pour \u00e9viter d'endommager le mat\u00e9riau filtrant. Ces filtres sont largement utilis\u00e9s dans les syst\u00e8mes de ventilation des environnements \u00e0 haute temp\u00e9rature et soumis \u00e0 des exigences \u00e9lev\u00e9es en mati\u00e8re d'incendie.<\/p>","protected":false},"excerpt":{"rendered":"<p>haute efficacit\u00e9 de filtration, faible r\u00e9sistance et bonne r\u00e9sistance aux temp\u00e9ratures \u00e9lev\u00e9es.<\/p>","protected":false},"featured_media":3796,"template":"","meta":{"_acf_changed":false},"product_brand":[],"product_cat":[55],"product_tag":[],"class_list":{"0":"post-3329","1":"product","2":"type-product","3":"status-publish","4":"has-post-thumbnail","6":"product_cat-high-temperature-resistance-air-filter","8":"first","9":"instock","10":"shipping-taxable","11":"product-type-simple"},"acf":[],"_links":{"self":[{"href":"https:\/\/www.bacintl.com\/fr\/wp-json\/wp\/v2\/product\/3329","targetHints":{"allow":["GET"]}}],"collection":[{"href":"https:\/\/www.bacintl.com\/fr\/wp-json\/wp\/v2\/product"}],"about":[{"href":"https:\/\/www.bacintl.com\/fr\/wp-json\/wp\/v2\/types\/product"}],"wp:featuredmedia":[{"embeddable":true,"href":"https:\/\/www.bacintl.com\/fr\/wp-json\/wp\/v2\/media\/3796"}],"wp:attachment":[{"href":"https:\/\/www.bacintl.com\/fr\/wp-json\/wp\/v2\/media?parent=3329"}],"wp:term":[{"taxonomy":"product_brand","embeddable":true,"href":"https:\/\/www.bacintl.com\/fr\/wp-json\/wp\/v2\/product_brand?post=3329"},{"taxonomy":"product_cat","embeddable":true,"href":"https:\/\/www.bacintl.com\/fr\/wp-json\/wp\/v2\/product_cat?post=3329"},{"taxonomy":"product_tag","embeddable":true,"href":"https:\/\/www.bacintl.com\/fr\/wp-json\/wp\/v2\/product_tag?post=3329"}],"curies":[{"name":"wp","href":"https:\/\/api.w.org\/{rel}","templated":true}]}}