{"id":3322,"date":"2024-12-12T15:35:28","date_gmt":"2024-12-12T07:35:28","guid":{"rendered":"https:\/\/www.bacintl.com\/?post_type=product&#038;p=3322"},"modified":"2025-02-11T15:32:11","modified_gmt":"2025-02-11T07:32:11","slug":"cardboard-separator-hepa-filter","status":"publish","type":"product","link":"https:\/\/www.bacintl.com\/fr\/cardboard-separator-hepa-filter\/","title":{"rendered":"S\u00e9parateur de carton Filtre HEPA"},"content":{"rendered":"<p>Le filtre \u00e0 haute efficacit\u00e9 \u00e0 cloisons en aluminium utilise une conception \u00e0 cloisons. La cloison ondul\u00e9e peut maintenir avec pr\u00e9cision l'espacement des plis et maximiser l'utilisation du mat\u00e9riau filtrant avec une r\u00e9sistance minimale. Le mat\u00e9riau filtrant du filtre \u00e0 haute efficacit\u00e9 \u00e0 cloisons en aluminium est pli\u00e9 \u00e0 180 degr\u00e9s des deux c\u00f4t\u00e9s pour former un pli en forme de coin. Il y a deux indentations lorsque le mat\u00e9riau filtrant est pli\u00e9, de sorte que le mat\u00e9riau filtrant de la cloison en aluminium du filtre \u00e0 haute efficacit\u00e9 s'ouvre pour former un pli en forme de bo\u00eete \u00e0 l'extr\u00e9mit\u00e9 de la cloison. Le plissage en forme de bo\u00eete cun\u00e9iforme peut emp\u00eacher le mat\u00e9riau filtrant d'\u00eatre endommag\u00e9. Dans un environnement corrosif, une cloison en vinyle peut \u00eatre utilis\u00e9e pour capturer les particules de 0,3um avec une efficacit\u00e9 de 99,99%.<\/p>","protected":false},"excerpt":{"rendered":"<p>Les mat\u00e9riaux filtrants et les cloisons sont pli\u00e9s et plac\u00e9s proprement, avec une force \u00e9lev\u00e9e, une performance fiable, et chaque filtre \u00e0 haute efficacit\u00e9 de cloison en aluminium passe des tests efficaces de d\u00e9tection des fuites et de balayage avant de quitter l'usine.<\/p>","protected":false},"featured_media":3781,"template":"","meta":{"_acf_changed":false},"product_brand":[],"product_cat":[54],"product_tag":[102,113,105],"class_list":{"0":"post-3322","1":"product","2":"type-product","3":"status-publish","4":"has-post-thumbnail","6":"product_cat-separator-air-filter","7":"product_tag-home-air-filter","8":"product_tag-laboratory","9":"product_tag-solution-biopharmaceuticals","11":"first","12":"instock","13":"shipping-taxable","14":"product-type-simple"},"acf":[],"_links":{"self":[{"href":"https:\/\/www.bacintl.com\/fr\/wp-json\/wp\/v2\/product\/3322","targetHints":{"allow":["GET"]}}],"collection":[{"href":"https:\/\/www.bacintl.com\/fr\/wp-json\/wp\/v2\/product"}],"about":[{"href":"https:\/\/www.bacintl.com\/fr\/wp-json\/wp\/v2\/types\/product"}],"wp:featuredmedia":[{"embeddable":true,"href":"https:\/\/www.bacintl.com\/fr\/wp-json\/wp\/v2\/media\/3781"}],"wp:attachment":[{"href":"https:\/\/www.bacintl.com\/fr\/wp-json\/wp\/v2\/media?parent=3322"}],"wp:term":[{"taxonomy":"product_brand","embeddable":true,"href":"https:\/\/www.bacintl.com\/fr\/wp-json\/wp\/v2\/product_brand?post=3322"},{"taxonomy":"product_cat","embeddable":true,"href":"https:\/\/www.bacintl.com\/fr\/wp-json\/wp\/v2\/product_cat?post=3322"},{"taxonomy":"product_tag","embeddable":true,"href":"https:\/\/www.bacintl.com\/fr\/wp-json\/wp\/v2\/product_tag?post=3322"}],"curies":[{"name":"wp","href":"https:\/\/api.w.org\/{rel}","templated":true}]}}