{"id":3317,"date":"2024-12-12T15:30:57","date_gmt":"2024-12-12T07:30:57","guid":{"rendered":"https:\/\/www.bacintl.com\/?post_type=product&#038;p=3317"},"modified":"2025-02-11T15:15:49","modified_gmt":"2025-02-11T07:15:49","slug":"knife-edge-mini-pleat-air-filter","status":"publish","type":"product","link":"https:\/\/www.bacintl.com\/fr\/knife-edge-mini-pleat-air-filter\/","title":{"rendered":"Filtre \u00e0 air mini-plis \u00e0 bords coup\u00e9s"},"content":{"rendered":"<p>Filtre \u00e0 haute efficacit\u00e9 sans cloison de type knife-frame - Filtre \u00e0 haute efficacit\u00e9\/super haute efficacit\u00e9 sans cloison de type knife-edge adopte une structure unique de type knife-edge, qui offre de meilleures performances d'\u00e9tanch\u00e9it\u00e9 que la structure d'\u00e9tanch\u00e9it\u00e9 traditionnelle. Ils ont subi des tests efficaces de d\u00e9tection des fuites et de balayage avant de quitter l'usine. Tout en r\u00e9duisant efficacement le co\u00fbt d'exploitation de la salle blanche, ils peuvent r\u00e9pondre \u00e0 des exigences plus \u00e9lev\u00e9es en mati\u00e8re d'\u00e9tanch\u00e9it\u00e9.<\/p>","protected":false},"excerpt":{"rendered":"<p>Le cadre en profil\u00e9 d'aluminium est directement \u00e9quip\u00e9 d'une structure de type couteau \u00e0 rideau lat\u00e9ral de 40 mm de profondeur, qui peut \u00eatre directement ins\u00e9r\u00e9e dans le dispositif d'\u00e9tanch\u00e9it\u00e9 du r\u00e9servoir de liquide afin d'assurer un haut degr\u00e9 d'\u00e9tanch\u00e9it\u00e9.<\/p>","protected":false},"featured_media":3765,"template":"","meta":{"_acf_changed":false},"product_brand":[],"product_cat":[52],"product_tag":[],"class_list":{"0":"post-3317","1":"product","2":"type-product","3":"status-publish","4":"has-post-thumbnail","6":"product_cat-mini-pleat-air-filter","8":"first","9":"instock","10":"shipping-taxable","11":"product-type-simple"},"acf":[],"_links":{"self":[{"href":"https:\/\/www.bacintl.com\/fr\/wp-json\/wp\/v2\/product\/3317","targetHints":{"allow":["GET"]}}],"collection":[{"href":"https:\/\/www.bacintl.com\/fr\/wp-json\/wp\/v2\/product"}],"about":[{"href":"https:\/\/www.bacintl.com\/fr\/wp-json\/wp\/v2\/types\/product"}],"wp:featuredmedia":[{"embeddable":true,"href":"https:\/\/www.bacintl.com\/fr\/wp-json\/wp\/v2\/media\/3765"}],"wp:attachment":[{"href":"https:\/\/www.bacintl.com\/fr\/wp-json\/wp\/v2\/media?parent=3317"}],"wp:term":[{"taxonomy":"product_brand","embeddable":true,"href":"https:\/\/www.bacintl.com\/fr\/wp-json\/wp\/v2\/product_brand?post=3317"},{"taxonomy":"product_cat","embeddable":true,"href":"https:\/\/www.bacintl.com\/fr\/wp-json\/wp\/v2\/product_cat?post=3317"},{"taxonomy":"product_tag","embeddable":true,"href":"https:\/\/www.bacintl.com\/fr\/wp-json\/wp\/v2\/product_tag?post=3317"}],"curies":[{"name":"wp","href":"https:\/\/api.w.org\/{rel}","templated":true}]}}