{"id":3155,"date":"2024-09-04T17:51:36","date_gmt":"2024-09-04T09:51:36","guid":{"rendered":"https:\/\/www.bacintl.com\/?post_type=product&#038;p=3155"},"modified":"2025-02-11T15:06:58","modified_gmt":"2025-02-11T07:06:58","slug":"aluminum-frame-mini-pleat-air-filter","status":"publish","type":"product","link":"https:\/\/www.bacintl.com\/fr\/aluminum-frame-mini-pleat-air-filter\/","title":{"rendered":"Filtre \u00e0 air mini pliss\u00e9 \u00e0 cadre en aluminium"},"content":{"rendered":"<p>En g\u00e9n\u00e9ral, le mat\u00e9riau du filtre \u00e0 mini plis est de la fibre de verre, s\u00e9par\u00e9e par un adh\u00e9sif thermofusible. Le mat\u00e9riau de base peut \u00eatre choisi parmi l'aluminium, l'acier galvanis\u00e9 et l'acier inoxydable. Il a une bonne \u00e9lasticit\u00e9, ne se d\u00e9forme pas, ne tombe pas et ne fuit pas lors de l'installation et de l'utilisation. La temp\u00e9rature maximale de fonctionnement est de 70\u2103, et si vous choisissez le cadre en aluminium, il est plus l\u00e9ger mais moins r\u00e9sistant \u00e0 la chaleur. Le filtre HEPA \u00e0 mini plis est une sorte de filtre HEPA qui peut \u00e9liminer les particules les plus fines. Il adopte un m\u00e9dia sp\u00e9cial qui joue un r\u00f4le important en capturant \u00e0 la fois les petites et les grandes particules avec une restriction minimale du flux d'air. Il pr\u00e9sente \u00e9galement certains avantages, tels qu'un poids plus l\u00e9ger, une structure plus compacte, un transport plus ais\u00e9, etc.<\/p>","protected":false},"excerpt":{"rendered":"<p>Filtre HEPA et filtre ULPA \u00e0 haute efficacit\u00e9, bonne \u00e9tanch\u00e9it\u00e9, faible r\u00e9sistance, longue dur\u00e9e de vie, l\u00e9ger, pratique et facile \u00e0 installer et \u00e0 remplacer.<\/p>","protected":false},"featured_media":3876,"template":"","meta":{"_acf_changed":false},"product_brand":[],"product_cat":[52],"product_tag":[102,107,108,110],"class_list":{"0":"post-3155","1":"product","2":"type-product","3":"status-publish","4":"has-post-thumbnail","6":"product_cat-mini-pleat-air-filter","7":"product_tag-home-air-filter","8":"product_tag-solution-healthcare","9":"product_tag-solution-microelectronics","10":"product_tag-solution-new-energy","12":"first","13":"instock","14":"shipping-taxable","15":"product-type-simple"},"acf":[],"_links":{"self":[{"href":"https:\/\/www.bacintl.com\/fr\/wp-json\/wp\/v2\/product\/3155","targetHints":{"allow":["GET"]}}],"collection":[{"href":"https:\/\/www.bacintl.com\/fr\/wp-json\/wp\/v2\/product"}],"about":[{"href":"https:\/\/www.bacintl.com\/fr\/wp-json\/wp\/v2\/types\/product"}],"wp:featuredmedia":[{"embeddable":true,"href":"https:\/\/www.bacintl.com\/fr\/wp-json\/wp\/v2\/media\/3876"}],"wp:attachment":[{"href":"https:\/\/www.bacintl.com\/fr\/wp-json\/wp\/v2\/media?parent=3155"}],"wp:term":[{"taxonomy":"product_brand","embeddable":true,"href":"https:\/\/www.bacintl.com\/fr\/wp-json\/wp\/v2\/product_brand?post=3155"},{"taxonomy":"product_cat","embeddable":true,"href":"https:\/\/www.bacintl.com\/fr\/wp-json\/wp\/v2\/product_cat?post=3155"},{"taxonomy":"product_tag","embeddable":true,"href":"https:\/\/www.bacintl.com\/fr\/wp-json\/wp\/v2\/product_tag?post=3155"}],"curies":[{"name":"wp","href":"https:\/\/api.w.org\/{rel}","templated":true}]}}