{"id":3152,"date":"2024-09-04T17:27:03","date_gmt":"2024-09-04T09:27:03","guid":{"rendered":"https:\/\/www.bacintl.com\/?post_type=product&#038;p=3152"},"modified":"2025-02-11T15:20:59","modified_gmt":"2025-02-11T07:20:59","slug":"top-gel-seal-air-filter","status":"publish","type":"product","link":"https:\/\/www.bacintl.com\/fr\/top-gel-seal-air-filter\/","title":{"rendered":"Filtre \u00e0 air Top Gel Seal"},"content":{"rendered":"<p>Le gel HEPA est un mat\u00e9riau d'\u00e9tanch\u00e9it\u00e9 anti-gravit\u00e9 et auto-cicatrisant. Le filtre HEPA \u00e0 joint de gel adopte une colle de gel\u00e9e pour le remplissage int\u00e9rieur de la bride et un scellement fiable. Le filtre \u00e0 air HEPA \u00e0 joint de gel utilise de la microfibre de verre comme m\u00e9dia filtrant, et les c\u00f4t\u00e9s entr\u00e9e et sortie d'air sont \u00e9quip\u00e9s de grilles de protection en fil m\u00e9tallique soud\u00e9. Il peut \u00e9liminer la poussi\u00e8re, le pollen, les moisissures, les bact\u00e9ries et toutes les particules en suspension dans l'air avec une taille minimale de p\u00e9n\u00e9tration des particules de 100 nanom\u00e8tres (0,1 \u00b5m). Il est largement utilis\u00e9 dans l'industrie pharmaceutique, les salles blanches industrielles et les salles blanches biologiques, ainsi que dans d'autres \u00e9quipements de purification.<\/p>","protected":false},"excerpt":{"rendered":"<p>D\u00e9tection des fuites par balayage D.O.P., faible r\u00e9sistance, haute efficacit\u00e9, l\u00e9g\u00e8ret\u00e9, installation facile, pratique et facile pour l'installation et le remplacement.<\/p>","protected":false},"featured_media":3771,"template":"","meta":{"_acf_changed":false},"product_brand":[],"product_cat":[53],"product_tag":[113,105],"class_list":{"0":"post-3152","1":"product","2":"type-product","3":"status-publish","4":"has-post-thumbnail","6":"product_cat-gel-seal-hepa-filter","7":"product_tag-laboratory","8":"product_tag-solution-biopharmaceuticals","10":"first","11":"instock","12":"shipping-taxable","13":"product-type-simple"},"acf":[],"_links":{"self":[{"href":"https:\/\/www.bacintl.com\/fr\/wp-json\/wp\/v2\/product\/3152","targetHints":{"allow":["GET"]}}],"collection":[{"href":"https:\/\/www.bacintl.com\/fr\/wp-json\/wp\/v2\/product"}],"about":[{"href":"https:\/\/www.bacintl.com\/fr\/wp-json\/wp\/v2\/types\/product"}],"wp:featuredmedia":[{"embeddable":true,"href":"https:\/\/www.bacintl.com\/fr\/wp-json\/wp\/v2\/media\/3771"}],"wp:attachment":[{"href":"https:\/\/www.bacintl.com\/fr\/wp-json\/wp\/v2\/media?parent=3152"}],"wp:term":[{"taxonomy":"product_brand","embeddable":true,"href":"https:\/\/www.bacintl.com\/fr\/wp-json\/wp\/v2\/product_brand?post=3152"},{"taxonomy":"product_cat","embeddable":true,"href":"https:\/\/www.bacintl.com\/fr\/wp-json\/wp\/v2\/product_cat?post=3152"},{"taxonomy":"product_tag","embeddable":true,"href":"https:\/\/www.bacintl.com\/fr\/wp-json\/wp\/v2\/product_tag?post=3152"}],"curies":[{"name":"wp","href":"https:\/\/api.w.org\/{rel}","templated":true}]}}