{"id":2878,"date":"2024-08-20T11:00:32","date_gmt":"2024-08-20T03:00:32","guid":{"rendered":"https:\/\/www.bacintl.com\/?post_type=product&#038;p=2878"},"modified":"2025-07-24T14:25:36","modified_gmt":"2025-07-24T06:25:36","slug":"clean-booth-product-4","status":"publish","type":"product","link":"https:\/\/www.bacintl.com\/fr\/clean-booth-product-4\/","title":{"rendered":"Nettoyer le stand"},"content":{"rendered":"<p>Il s'agit d'une salle blanche simple, con\u00e7ue pour une construction rapide et pratique. Elle dispose d'une vari\u00e9t\u00e9 de niveaux de propret\u00e9 et de combinaisons d'espaces et peut \u00eatre con\u00e7ue et fabriqu\u00e9e en fonction des exigences d'utilisation. Sa simplicit\u00e9 d'utilisation, sa grande flexibilit\u00e9, sa facilit\u00e9 d'installation, sa courte dur\u00e9e de construction et sa portabilit\u00e9 sont donc ses principales caract\u00e9ristiques. En m\u00eame temps, il peut \u00eatre ajout\u00e9 localement aux endroits o\u00f9 une grande propret\u00e9 est requise dans le niveau g\u00e9n\u00e9ral des salles blanches afin de r\u00e9duire les co\u00fbts. Il s'agit d'un \u00e9quipement de purification de l'air qui peut fournir un environnement local tr\u00e8s propre. Il se compose principalement d'un bo\u00eetier, d'un ventilateur, d'un filtre \u00e0 air primaire, d'une couche d'amortissement, de lampes, etc. Le produit peut \u00eatre suspendu ou soutenu au sol. Sa structure est compacte et facile \u00e0 utiliser. Il peut \u00eatre utilis\u00e9 seul ou connect\u00e9 en plusieurs exemplaires pour former une zone de propret\u00e9 solide.<\/p>","protected":false},"excerpt":{"rendered":"<p>La cabine propre est un \u00e9quipement local de purification de l'air qui permet d'obtenir un environnement tr\u00e8s propre, c'est une salle blanche qui peut \u00eatre cr\u00e9\u00e9e le plus rapidement et le plus facilement.<\/p>\n<p>Il se compose principalement d'une armoire, d'un ventilateur, d'un pr\u00e9filtre et d'un filtre HEPA, d'une couche d'amortissement, de lampes et d'autres composants. Il peut non seulement \u00eatre suspendu, mais aussi \u00eatre soutenu par le sol. Il est possible d'utiliser des connexions simples ou multiples pour composer une zone propre en bandes.<\/p>","protected":false},"featured_media":3442,"template":"","meta":{"_acf_changed":false},"product_brand":[],"product_cat":[85],"product_tag":[104],"class_list":{"0":"post-2878","1":"product","2":"type-product","3":"status-publish","4":"has-post-thumbnail","6":"product_cat-clean-booth","7":"product_tag-home-modular-cleanroom","9":"first","10":"instock","11":"shipping-taxable","12":"product-type-simple"},"acf":[],"_links":{"self":[{"href":"https:\/\/www.bacintl.com\/fr\/wp-json\/wp\/v2\/product\/2878","targetHints":{"allow":["GET"]}}],"collection":[{"href":"https:\/\/www.bacintl.com\/fr\/wp-json\/wp\/v2\/product"}],"about":[{"href":"https:\/\/www.bacintl.com\/fr\/wp-json\/wp\/v2\/types\/product"}],"wp:featuredmedia":[{"embeddable":true,"href":"https:\/\/www.bacintl.com\/fr\/wp-json\/wp\/v2\/media\/3442"}],"wp:attachment":[{"href":"https:\/\/www.bacintl.com\/fr\/wp-json\/wp\/v2\/media?parent=2878"}],"wp:term":[{"taxonomy":"product_brand","embeddable":true,"href":"https:\/\/www.bacintl.com\/fr\/wp-json\/wp\/v2\/product_brand?post=2878"},{"taxonomy":"product_cat","embeddable":true,"href":"https:\/\/www.bacintl.com\/fr\/wp-json\/wp\/v2\/product_cat?post=2878"},{"taxonomy":"product_tag","embeddable":true,"href":"https:\/\/www.bacintl.com\/fr\/wp-json\/wp\/v2\/product_tag?post=2878"}],"curies":[{"name":"wp","href":"https:\/\/api.w.org\/{rel}","templated":true}]}}