{"id":2870,"date":"2024-08-20T10:42:47","date_gmt":"2024-08-20T02:42:47","guid":{"rendered":"https:\/\/www.bacintl.com\/?post_type=product&#038;p=2870"},"modified":"2025-02-11T15:09:19","modified_gmt":"2025-02-11T07:09:19","slug":"mini-pleat-air-filter-product-4","status":"publish","type":"product","link":"https:\/\/www.bacintl.com\/fr\/mini-pleat-air-filter-product-4\/","title":{"rendered":"Filtre \u00e0 air mini pliss\u00e9 \u00e0 cadre en papier"},"content":{"rendered":"<p>Usually, the media material of the mini-pleat Filter is fiber glass, which separated with hot-melt adhesive. It has good elasticity, no deformation, no falling off, and won\u2019t air leak when it is installed and used. The max operating temperature is up to 70\u2103. Mini pleat HEPA filter is a kind of HEPA filter, which can remove the finest of particles away. It adopts a special media which plays an important role in capturing both small and large particles with minimum airflow restriction. It also has some advantages such as lighter weight, more compact structure and easier carrying\u00a0and so on.<\/p>","protected":false},"excerpt":{"rendered":"<p>Haute efficacit\u00e9, bonne \u00e9tanch\u00e9it\u00e9, faible r\u00e9sistance, longue dur\u00e9e de vie, l\u00e9g\u00e8ret\u00e9, facilit\u00e9 d'installation et de remplacement.<\/p>","protected":false},"featured_media":3757,"template":"","meta":{"_acf_changed":false},"product_brand":[],"product_cat":[52],"product_tag":[108,110],"class_list":{"0":"post-2870","1":"product","2":"type-product","3":"status-publish","4":"has-post-thumbnail","6":"product_cat-mini-pleat-air-filter","7":"product_tag-solution-microelectronics","8":"product_tag-solution-new-energy","10":"first","11":"instock","12":"shipping-taxable","13":"product-type-simple"},"acf":[],"_links":{"self":[{"href":"https:\/\/www.bacintl.com\/fr\/wp-json\/wp\/v2\/product\/2870","targetHints":{"allow":["GET"]}}],"collection":[{"href":"https:\/\/www.bacintl.com\/fr\/wp-json\/wp\/v2\/product"}],"about":[{"href":"https:\/\/www.bacintl.com\/fr\/wp-json\/wp\/v2\/types\/product"}],"wp:featuredmedia":[{"embeddable":true,"href":"https:\/\/www.bacintl.com\/fr\/wp-json\/wp\/v2\/media\/3757"}],"wp:attachment":[{"href":"https:\/\/www.bacintl.com\/fr\/wp-json\/wp\/v2\/media?parent=2870"}],"wp:term":[{"taxonomy":"product_brand","embeddable":true,"href":"https:\/\/www.bacintl.com\/fr\/wp-json\/wp\/v2\/product_brand?post=2870"},{"taxonomy":"product_cat","embeddable":true,"href":"https:\/\/www.bacintl.com\/fr\/wp-json\/wp\/v2\/product_cat?post=2870"},{"taxonomy":"product_tag","embeddable":true,"href":"https:\/\/www.bacintl.com\/fr\/wp-json\/wp\/v2\/product_tag?post=2870"}],"curies":[{"name":"wp","href":"https:\/\/api.w.org\/{rel}","templated":true}]}}