{"id":3624,"date":"2024-12-13T11:50:13","date_gmt":"2024-12-13T03:50:13","guid":{"rendered":"https:\/\/www.bacintl.com\/?post_type=product&#038;p=3624"},"modified":"2025-02-15T15:57:15","modified_gmt":"2025-02-15T07:57:15","slug":"automatic-roll-filter","status":"publish","type":"product","link":"https:\/\/www.bacintl.com\/es\/automatic-roll-filter\/","title":{"rendered":"Filtro autom\u00e1tico de bobinas"},"content":{"rendered":"<p>El filtro de aire de bobinado autom\u00e1tico es un avance en el campo de los filtros tradicionales. Se trata de un dispositivo de eliminaci\u00f3n de polvo del aire que convierte la diferencia de presi\u00f3n antes y despu\u00e9s del filtro en una se\u00f1al el\u00e9ctrica del sensor y sustituye autom\u00e1ticamente el material filtrante.<\/p>","protected":false},"excerpt":{"rendered":"<p>El filtro autom\u00e1tico de rodillos es un innovador dispositivo de filtraci\u00f3n de aire. Puede convertir la diferencia de presi\u00f3n antes y despu\u00e9s del filtro en una se\u00f1al el\u00e9ctrica de detecci\u00f3n, realizando as\u00ed un dispositivo de eliminaci\u00f3n de polvo del aire que sustituye autom\u00e1ticamente el material filtrante. El material del cuerpo del marco del filtro puede seleccionarse entre pulverizaci\u00f3n de chapa fr\u00eda, perfiles de aleaci\u00f3n de aluminio o acero inoxidable. La estructura met\u00e1lica general es duradera y puede adaptarse a entornos de trabajo dif\u00edciles.<\/p>","protected":false},"featured_media":3625,"template":"","meta":{"_acf_changed":false},"product_brand":[],"product_cat":[83],"product_tag":[],"class_list":{"0":"post-3624","1":"product","2":"type-product","3":"status-publish","4":"has-post-thumbnail","6":"product_cat-other-cleanroom-equipment","8":"first","9":"instock","10":"shipping-taxable","11":"product-type-simple"},"acf":[],"_links":{"self":[{"href":"https:\/\/www.bacintl.com\/es\/wp-json\/wp\/v2\/product\/3624","targetHints":{"allow":["GET"]}}],"collection":[{"href":"https:\/\/www.bacintl.com\/es\/wp-json\/wp\/v2\/product"}],"about":[{"href":"https:\/\/www.bacintl.com\/es\/wp-json\/wp\/v2\/types\/product"}],"wp:featuredmedia":[{"embeddable":true,"href":"https:\/\/www.bacintl.com\/es\/wp-json\/wp\/v2\/media\/3625"}],"wp:attachment":[{"href":"https:\/\/www.bacintl.com\/es\/wp-json\/wp\/v2\/media?parent=3624"}],"wp:term":[{"taxonomy":"product_brand","embeddable":true,"href":"https:\/\/www.bacintl.com\/es\/wp-json\/wp\/v2\/product_brand?post=3624"},{"taxonomy":"product_cat","embeddable":true,"href":"https:\/\/www.bacintl.com\/es\/wp-json\/wp\/v2\/product_cat?post=3624"},{"taxonomy":"product_tag","embeddable":true,"href":"https:\/\/www.bacintl.com\/es\/wp-json\/wp\/v2\/product_tag?post=3624"}],"curies":[{"name":"wp","href":"https:\/\/api.w.org\/{rel}","templated":true}]}}