{"id":3619,"date":"2024-12-13T11:48:15","date_gmt":"2024-12-13T03:48:15","guid":{"rendered":"https:\/\/www.bacintl.com\/?post_type=product&#038;p=3619"},"modified":"2025-02-15T15:53:28","modified_gmt":"2025-02-15T07:53:28","slug":"stainless-steel-shoe-bench","status":"publish","type":"product","link":"https:\/\/www.bacintl.com\/es\/stainless-steel-shoe-bench\/","title":{"rendered":"Banco para zapatos de acero inoxidable"},"content":{"rendered":"<p>Fabricado de acuerdo con las normas internacionales, todo el armario est\u00e1 hecho de acero inoxidable SUS304 Todo el armario tiene una superficie lisa y hermosa, es f\u00e1cil de instalar, cumple con las normas nacionales de quir\u00f3fano, y es conveniente para la gesti\u00f3n de equipos.<\/p>","protected":false},"excerpt":{"rendered":"<p>Made of strong and easy-to-clean 304 stainless steel.It can not only be a place for employees to change shoes, but also\u00a0be designed with storage functions to facilitate employees to store personal items or shoe cleaning utensils.<\/p>","protected":false},"featured_media":3620,"template":"","meta":{"_acf_changed":false},"product_brand":[],"product_cat":[82],"product_tag":[109],"class_list":{"0":"post-3619","1":"product","2":"type-product","3":"status-publish","4":"has-post-thumbnail","6":"product_cat-clean-room-supporting-stainless-steel-products","7":"product_tag-solution-precision-manufacturing","9":"first","10":"instock","11":"shipping-taxable","12":"product-type-simple"},"acf":[],"_links":{"self":[{"href":"https:\/\/www.bacintl.com\/es\/wp-json\/wp\/v2\/product\/3619","targetHints":{"allow":["GET"]}}],"collection":[{"href":"https:\/\/www.bacintl.com\/es\/wp-json\/wp\/v2\/product"}],"about":[{"href":"https:\/\/www.bacintl.com\/es\/wp-json\/wp\/v2\/types\/product"}],"wp:featuredmedia":[{"embeddable":true,"href":"https:\/\/www.bacintl.com\/es\/wp-json\/wp\/v2\/media\/3620"}],"wp:attachment":[{"href":"https:\/\/www.bacintl.com\/es\/wp-json\/wp\/v2\/media?parent=3619"}],"wp:term":[{"taxonomy":"product_brand","embeddable":true,"href":"https:\/\/www.bacintl.com\/es\/wp-json\/wp\/v2\/product_brand?post=3619"},{"taxonomy":"product_cat","embeddable":true,"href":"https:\/\/www.bacintl.com\/es\/wp-json\/wp\/v2\/product_cat?post=3619"},{"taxonomy":"product_tag","embeddable":true,"href":"https:\/\/www.bacintl.com\/es\/wp-json\/wp\/v2\/product_tag?post=3619"}],"curies":[{"name":"wp","href":"https:\/\/api.w.org\/{rel}","templated":true}]}}