{"id":3617,"date":"2024-12-13T11:47:18","date_gmt":"2024-12-13T03:47:18","guid":{"rendered":"https:\/\/www.bacintl.com\/?post_type=product&#038;p=3617"},"modified":"2025-07-24T11:38:46","modified_gmt":"2025-07-24T03:38:46","slug":"stainless-steel-table","status":"publish","type":"product","link":"https:\/\/www.bacintl.com\/es\/stainless-steel-table\/","title":{"rendered":"Mesa de acero inoxidable"},"content":{"rendered":"<p>Fabricado de acuerdo con las normas internacionales, todo el armario est\u00e1 hecho de acero inoxidable SUS304 Todo el armario tiene una superficie lisa y hermosa, es f\u00e1cil de instalar, cumple con las normas nacionales de quir\u00f3fano, y es conveniente para la gesti\u00f3n de equipos.<\/p>","protected":false},"excerpt":{"rendered":"<p>Las encimeras de acero inoxidable son lisas y brillantes, y tienen un rendimiento excelente. Es relativamente resistente, f\u00e1cil de limpiar, pr\u00e1ctica y tiene buenas propiedades antibacterianas. Adem\u00e1s, las encimeras de acero inoxidable no deben rayarse con objetos afilados, y debe prestarse especial atenci\u00f3n al limpiar su superficie.<\/p>","protected":false},"featured_media":3618,"template":"","meta":{"_acf_changed":false},"product_brand":[],"product_cat":[82],"product_tag":[105],"class_list":{"0":"post-3617","1":"product","2":"type-product","3":"status-publish","4":"has-post-thumbnail","6":"product_cat-clean-room-supporting-stainless-steel-products","7":"product_tag-solution-biopharmaceuticals","9":"first","10":"instock","11":"shipping-taxable","12":"product-type-simple"},"acf":[],"_links":{"self":[{"href":"https:\/\/www.bacintl.com\/es\/wp-json\/wp\/v2\/product\/3617","targetHints":{"allow":["GET"]}}],"collection":[{"href":"https:\/\/www.bacintl.com\/es\/wp-json\/wp\/v2\/product"}],"about":[{"href":"https:\/\/www.bacintl.com\/es\/wp-json\/wp\/v2\/types\/product"}],"wp:featuredmedia":[{"embeddable":true,"href":"https:\/\/www.bacintl.com\/es\/wp-json\/wp\/v2\/media\/3618"}],"wp:attachment":[{"href":"https:\/\/www.bacintl.com\/es\/wp-json\/wp\/v2\/media?parent=3617"}],"wp:term":[{"taxonomy":"product_brand","embeddable":true,"href":"https:\/\/www.bacintl.com\/es\/wp-json\/wp\/v2\/product_brand?post=3617"},{"taxonomy":"product_cat","embeddable":true,"href":"https:\/\/www.bacintl.com\/es\/wp-json\/wp\/v2\/product_cat?post=3617"},{"taxonomy":"product_tag","embeddable":true,"href":"https:\/\/www.bacintl.com\/es\/wp-json\/wp\/v2\/product_tag?post=3617"}],"curies":[{"name":"wp","href":"https:\/\/api.w.org\/{rel}","templated":true}]}}