{"id":3614,"date":"2024-12-13T11:46:18","date_gmt":"2024-12-13T03:46:18","guid":{"rendered":"https:\/\/www.bacintl.com\/?post_type=product&#038;p=3614"},"modified":"2025-02-15T15:48:55","modified_gmt":"2025-02-15T07:48:55","slug":"clean-shoe-cabinet","status":"publish","type":"product","link":"https:\/\/www.bacintl.com\/es\/clean-shoe-cabinet\/","title":{"rendered":"Armario zapatero limpio"},"content":{"rendered":"<p>Este armario para zapatos de acero inoxidable tiene un excelente rendimiento econ\u00f3mico y un principio sencillo; cumple la funci\u00f3n de cambio de zapatos limpios del personal del \u00e1rea limpia del usuario; se utiliza ampliamente en semiconductores microelectr\u00f3nicos, productos biofarmac\u00e9uticos, aeroespacial, laboratorios de investigaci\u00f3n cient\u00edfica y otras industrias.<\/p>\n<p>El armario zapatero de acero inoxidable puede dise\u00f1ar de forma flexible la estructura de la taquilla seg\u00fan los distintos entornos de trabajo y los requisitos de almacenamiento de calzado limpio; puede configurarse con puertas, tabiques, ventilaci\u00f3n, cerraduras de puertas y otros accesorios; es f\u00e1cil de usar, con buenas medidas de puesta a tierra y un excelente rendimiento de limpieza.<\/p>\n<p>Experimente la boutique de los detalles, seleccione la placa, corte por l\u00e1ser tama\u00f1o de corte; soldadura de precisi\u00f3n sin fisuras; pulido tridimensional con alta pulcritud; dise\u00f1o \u00fanico de la estructura de sala limpia, sin acumulaci\u00f3n de polvo, f\u00e1cil de limpiar, sin esquinas afiladas; nivel de pie ajuste fino, la colocaci\u00f3n de alto nivel; profesional de cinco estrellas equipo de servicio, dise\u00f1o libre y la personalizaci\u00f3n de la demanda, nuestra calidad necesita su apreciaci\u00f3n.<\/p>","protected":false},"excerpt":{"rendered":"<p>Los armarios para zapatos limpios se utilizan principalmente para almacenar zapatos que deben cambiarse antes de entrar en la sala limpia para reducir la contaminaci\u00f3n del aire exterior. Sus caracter\u00edsticas de dise\u00f1o incluyen un ventilador centr\u00edfugo y un filtro de alta eficiencia en la parte superior, y un dise\u00f1o de corriente descendente de presi\u00f3n positiva, que puede prevenir eficazmente la contaminaci\u00f3n del aire externo.<\/p>","protected":false},"featured_media":3616,"template":"","meta":{"_acf_changed":false},"product_brand":[],"product_cat":[82],"product_tag":[111],"class_list":{"0":"post-3614","1":"product","2":"type-product","3":"status-publish","4":"has-post-thumbnail","6":"product_cat-clean-room-supporting-stainless-steel-products","7":"product_tag-solution-food-beverage","9":"first","10":"instock","11":"shipping-taxable","12":"product-type-simple"},"acf":[],"_links":{"self":[{"href":"https:\/\/www.bacintl.com\/es\/wp-json\/wp\/v2\/product\/3614","targetHints":{"allow":["GET"]}}],"collection":[{"href":"https:\/\/www.bacintl.com\/es\/wp-json\/wp\/v2\/product"}],"about":[{"href":"https:\/\/www.bacintl.com\/es\/wp-json\/wp\/v2\/types\/product"}],"wp:featuredmedia":[{"embeddable":true,"href":"https:\/\/www.bacintl.com\/es\/wp-json\/wp\/v2\/media\/3616"}],"wp:attachment":[{"href":"https:\/\/www.bacintl.com\/es\/wp-json\/wp\/v2\/media?parent=3614"}],"wp:term":[{"taxonomy":"product_brand","embeddable":true,"href":"https:\/\/www.bacintl.com\/es\/wp-json\/wp\/v2\/product_brand?post=3614"},{"taxonomy":"product_cat","embeddable":true,"href":"https:\/\/www.bacintl.com\/es\/wp-json\/wp\/v2\/product_cat?post=3614"},{"taxonomy":"product_tag","embeddable":true,"href":"https:\/\/www.bacintl.com\/es\/wp-json\/wp\/v2\/product_tag?post=3614"}],"curies":[{"name":"wp","href":"https:\/\/api.w.org\/{rel}","templated":true}]}}