{"id":3607,"date":"2024-12-13T11:44:07","date_gmt":"2024-12-13T03:44:07","guid":{"rendered":"https:\/\/www.bacintl.com\/?post_type=product&#038;p=3607"},"modified":"2025-07-24T11:37:50","modified_gmt":"2025-07-24T03:37:50","slug":"automatic-hand-washing-machine","status":"publish","type":"product","link":"https:\/\/www.bacintl.com\/es\/automatic-hand-washing-machine\/","title":{"rendered":"Lavadora autom\u00e1tica de manos"},"content":{"rendered":"<p>Se utilizan especialmente en los quir\u00f3fanos limpios de los hospitales para que el personal m\u00e9dico se lave las manos. Tambi\u00e9n cumplen las normas y requisitos de limpieza para el lavado de manos del personal m\u00e9dico.<\/p>","protected":false},"excerpt":{"rendered":"<p>El lavamanos m\u00e9dico es una de las instalaciones sanitarias m\u00e1s importantes del hospital. Se utiliza principalmente para que el personal m\u00e9dico se limpie y desinfecte las manos antes y despu\u00e9s de las operaciones m\u00e9dicas para reducir el riesgo de infecciones cruzadas. El dise\u00f1o y el uso de los lavamanos m\u00e9dicos son de gran importancia para proteger la salud de los pacientes y la seguridad laboral del personal m\u00e9dico.<\/p>","protected":false},"featured_media":3609,"template":"","meta":{"_acf_changed":false},"product_brand":[],"product_cat":[82],"product_tag":[113,111],"class_list":{"0":"post-3607","1":"product","2":"type-product","3":"status-publish","4":"has-post-thumbnail","6":"product_cat-clean-room-supporting-stainless-steel-products","7":"product_tag-laboratory","8":"product_tag-solution-food-beverage","10":"first","11":"instock","12":"shipping-taxable","13":"product-type-simple"},"acf":[],"_links":{"self":[{"href":"https:\/\/www.bacintl.com\/es\/wp-json\/wp\/v2\/product\/3607","targetHints":{"allow":["GET"]}}],"collection":[{"href":"https:\/\/www.bacintl.com\/es\/wp-json\/wp\/v2\/product"}],"about":[{"href":"https:\/\/www.bacintl.com\/es\/wp-json\/wp\/v2\/types\/product"}],"wp:featuredmedia":[{"embeddable":true,"href":"https:\/\/www.bacintl.com\/es\/wp-json\/wp\/v2\/media\/3609"}],"wp:attachment":[{"href":"https:\/\/www.bacintl.com\/es\/wp-json\/wp\/v2\/media?parent=3607"}],"wp:term":[{"taxonomy":"product_brand","embeddable":true,"href":"https:\/\/www.bacintl.com\/es\/wp-json\/wp\/v2\/product_brand?post=3607"},{"taxonomy":"product_cat","embeddable":true,"href":"https:\/\/www.bacintl.com\/es\/wp-json\/wp\/v2\/product_cat?post=3607"},{"taxonomy":"product_tag","embeddable":true,"href":"https:\/\/www.bacintl.com\/es\/wp-json\/wp\/v2\/product_tag?post=3607"}],"curies":[{"name":"wp","href":"https:\/\/api.w.org\/{rel}","templated":true}]}}