{"id":3603,"date":"2024-12-13T11:42:55","date_gmt":"2024-12-13T03:42:55","guid":{"rendered":"https:\/\/www.bacintl.com\/?post_type=product&#038;p=3603"},"modified":"2025-02-15T15:40:28","modified_gmt":"2025-02-15T07:40:28","slug":"medicine-cabinet","status":"publish","type":"product","link":"https:\/\/www.bacintl.com\/es\/medicine-cabinet\/","title":{"rendered":"Botiqu\u00edn"},"content":{"rendered":"<p>Fabricado de acuerdo con las normas internacionales, todo el armario es de acero inoxidable SUS304, y la puerta del armario es de chapa galvanizada con recubrimiento en polvo o de acero inoxidable del mismo color que los paneles de pared del quir\u00f3fano. Todo el armario tiene una superficie lisa y hermosa, es f\u00e1cil de instalar, cumple con las normas nacionales de quir\u00f3fano, y es conveniente para la gesti\u00f3n de equipos.<\/p>","protected":false},"excerpt":{"rendered":"<p>Se refiere a un armario especial utilizado para almacenar y gestionar medicamentos en lugares m\u00e9dicos, utilizado principalmente para el almacenamiento y la gesti\u00f3n de medicamentos en instituciones m\u00e9dicas como hospitales, cl\u00ednicas y farmacias. Los botiquines m\u00e9dicos tienen varios dise\u00f1os y funciones para satisfacer las necesidades de diferentes lugares m\u00e9dicos.<\/p>","protected":false},"featured_media":3606,"template":"","meta":{"_acf_changed":false},"product_brand":[],"product_cat":[82],"product_tag":[],"class_list":{"0":"post-3603","1":"product","2":"type-product","3":"status-publish","4":"has-post-thumbnail","6":"product_cat-clean-room-supporting-stainless-steel-products","8":"first","9":"instock","10":"shipping-taxable","11":"product-type-simple"},"acf":[],"_links":{"self":[{"href":"https:\/\/www.bacintl.com\/es\/wp-json\/wp\/v2\/product\/3603","targetHints":{"allow":["GET"]}}],"collection":[{"href":"https:\/\/www.bacintl.com\/es\/wp-json\/wp\/v2\/product"}],"about":[{"href":"https:\/\/www.bacintl.com\/es\/wp-json\/wp\/v2\/types\/product"}],"wp:featuredmedia":[{"embeddable":true,"href":"https:\/\/www.bacintl.com\/es\/wp-json\/wp\/v2\/media\/3606"}],"wp:attachment":[{"href":"https:\/\/www.bacintl.com\/es\/wp-json\/wp\/v2\/media?parent=3603"}],"wp:term":[{"taxonomy":"product_brand","embeddable":true,"href":"https:\/\/www.bacintl.com\/es\/wp-json\/wp\/v2\/product_brand?post=3603"},{"taxonomy":"product_cat","embeddable":true,"href":"https:\/\/www.bacintl.com\/es\/wp-json\/wp\/v2\/product_cat?post=3603"},{"taxonomy":"product_tag","embeddable":true,"href":"https:\/\/www.bacintl.com\/es\/wp-json\/wp\/v2\/product_tag?post=3603"}],"curies":[{"name":"wp","href":"https:\/\/api.w.org\/{rel}","templated":true}]}}