{"id":3600,"date":"2024-12-13T11:40:56","date_gmt":"2024-12-13T03:40:56","guid":{"rendered":"https:\/\/www.bacintl.com\/?post_type=product&#038;p=3600"},"modified":"2025-02-15T15:37:43","modified_gmt":"2025-02-15T07:37:43","slug":"anesthesia-cabinet","status":"publish","type":"product","link":"https:\/\/www.bacintl.com\/es\/anesthesia-cabinet\/","title":{"rendered":"Armario de anestesia"},"content":{"rendered":"<p>Los armarios de anestesia m\u00e9dica est\u00e1n especialmente dise\u00f1ados para almacenar y organizar los equipos y suministros necesarios para el tratamiento anest\u00e9sico.<\/p>\n<p>El objetivo principal de los armarios de anestesia m\u00e9dica es garantizar el almacenamiento seguro y la gesti\u00f3n eficaz de los estupefacientes y las drogas psicotr\u00f3picas.<\/p>\n<p>Estos f\u00e1rmacos suelen requerir un control estricto para garantizar que no se abuse de ellos ni se utilicen indebidamente. El dise\u00f1o y la fabricaci\u00f3n de cabinas de anestesia m\u00e9dica cumplen las normas de seguridad y los requisitos reglamentarios pertinentes.<\/p>","protected":false},"excerpt":{"rendered":"<p>Los armarios de anestesia m\u00e9dica est\u00e1n especialmente dise\u00f1ados para almacenar y organizar los equipos y suministros necesarios para el tratamiento anest\u00e9sico.<\/p>\n<p>El objetivo principal de los armarios de anestesia m\u00e9dica es garantizar el almacenamiento seguro y la gesti\u00f3n eficaz de los estupefacientes y las drogas psicotr\u00f3picas.<\/p>\n<p>Estos f\u00e1rmacos suelen requerir un control estricto para garantizar que no se abuse de ellos ni se utilicen indebidamente. El dise\u00f1o y la fabricaci\u00f3n de cabinas de anestesia m\u00e9dica cumplen las normas de seguridad y los requisitos reglamentarios pertinentes.<\/p>","protected":false},"featured_media":3601,"template":"","meta":{"_acf_changed":false},"product_brand":[],"product_cat":[82],"product_tag":[],"class_list":{"0":"post-3600","1":"product","2":"type-product","3":"status-publish","4":"has-post-thumbnail","6":"product_cat-clean-room-supporting-stainless-steel-products","8":"first","9":"instock","10":"shipping-taxable","11":"product-type-simple"},"acf":[],"_links":{"self":[{"href":"https:\/\/www.bacintl.com\/es\/wp-json\/wp\/v2\/product\/3600","targetHints":{"allow":["GET"]}}],"collection":[{"href":"https:\/\/www.bacintl.com\/es\/wp-json\/wp\/v2\/product"}],"about":[{"href":"https:\/\/www.bacintl.com\/es\/wp-json\/wp\/v2\/types\/product"}],"wp:featuredmedia":[{"embeddable":true,"href":"https:\/\/www.bacintl.com\/es\/wp-json\/wp\/v2\/media\/3601"}],"wp:attachment":[{"href":"https:\/\/www.bacintl.com\/es\/wp-json\/wp\/v2\/media?parent=3600"}],"wp:term":[{"taxonomy":"product_brand","embeddable":true,"href":"https:\/\/www.bacintl.com\/es\/wp-json\/wp\/v2\/product_brand?post=3600"},{"taxonomy":"product_cat","embeddable":true,"href":"https:\/\/www.bacintl.com\/es\/wp-json\/wp\/v2\/product_cat?post=3600"},{"taxonomy":"product_tag","embeddable":true,"href":"https:\/\/www.bacintl.com\/es\/wp-json\/wp\/v2\/product_tag?post=3600"}],"curies":[{"name":"wp","href":"https:\/\/api.w.org\/{rel}","templated":true}]}}