{"id":3594,"date":"2024-12-13T11:38:04","date_gmt":"2024-12-13T03:38:04","guid":{"rendered":"https:\/\/www.bacintl.com\/?post_type=product&#038;p=3594"},"modified":"2025-02-15T15:26:59","modified_gmt":"2025-02-15T07:26:59","slug":"sterile-isolator","status":"publish","type":"product","link":"https:\/\/www.bacintl.com\/es\/sterile-isolator\/","title":{"rendered":"Aislador est\u00e9ril"},"content":{"rendered":"<p>Los aisladores est\u00e9riles evitan fundamentalmente el contacto directo entre los operarios y los objetos, por lo que se puede impedir que las muestras y las instalaciones auxiliares se contaminen durante las pruebas de esterilidad. Cuando el aislador est\u00e1 en estado cerrado, el interior es un entorno est\u00e9ril, y los objetos solo pueden transferirse dentro del aislador o a trav\u00e9s de un almac\u00e9n especial de transferencia r\u00e1pida.<\/p>","protected":false},"excerpt":{"rendered":"<p>\u00a0Crea un entorno limpio continuo de nivel GMPA mediante una barrera f\u00edsica y una esterilizaci\u00f3n eficaz con per\u00f3xido de hidr\u00f3geno vaporizado VHPS, reduce el riesgo de contaminaci\u00f3n ex\u00f3gena y cruzada, cumple los requisitos de las GMP de China y la farmacopea china, as\u00ed como las GMP\/FDA cGMP\/USP-NF de la UE, y puede funcionar de forma \"continua\" o \"por lotes\".<\/p>","protected":false},"featured_media":3597,"template":"","meta":{"_acf_changed":false},"product_brand":[],"product_cat":[80],"product_tag":[105],"class_list":{"0":"post-3594","1":"product","2":"type-product","3":"status-publish","4":"has-post-thumbnail","6":"product_cat-sterile-isolator","7":"product_tag-solution-biopharmaceuticals","9":"first","10":"instock","11":"shipping-taxable","12":"product-type-simple"},"acf":[],"_links":{"self":[{"href":"https:\/\/www.bacintl.com\/es\/wp-json\/wp\/v2\/product\/3594","targetHints":{"allow":["GET"]}}],"collection":[{"href":"https:\/\/www.bacintl.com\/es\/wp-json\/wp\/v2\/product"}],"about":[{"href":"https:\/\/www.bacintl.com\/es\/wp-json\/wp\/v2\/types\/product"}],"wp:featuredmedia":[{"embeddable":true,"href":"https:\/\/www.bacintl.com\/es\/wp-json\/wp\/v2\/media\/3597"}],"wp:attachment":[{"href":"https:\/\/www.bacintl.com\/es\/wp-json\/wp\/v2\/media?parent=3594"}],"wp:term":[{"taxonomy":"product_brand","embeddable":true,"href":"https:\/\/www.bacintl.com\/es\/wp-json\/wp\/v2\/product_brand?post=3594"},{"taxonomy":"product_cat","embeddable":true,"href":"https:\/\/www.bacintl.com\/es\/wp-json\/wp\/v2\/product_cat?post=3594"},{"taxonomy":"product_tag","embeddable":true,"href":"https:\/\/www.bacintl.com\/es\/wp-json\/wp\/v2\/product_tag?post=3594"}],"curies":[{"name":"wp","href":"https:\/\/api.w.org\/{rel}","templated":true}]}}