{"id":3582,"date":"2024-12-13T11:31:26","date_gmt":"2024-12-13T03:31:26","guid":{"rendered":"https:\/\/www.bacintl.com\/?post_type=product&#038;p=3582"},"modified":"2025-07-24T11:17:34","modified_gmt":"2025-07-24T03:17:34","slug":"bag-in-bag-out-filter","status":"publish","type":"product","link":"https:\/\/www.bacintl.com\/es\/bag-in-bag-out-filter\/","title":{"rendered":"Filtro Bag-in Bag-out"},"content":{"rendered":"<p>La carcasa del filtro Bag-In-Bag-Out es un dispositivo especial utilizado para la filtraci\u00f3n de aire en entornos muy contaminados, que garantiza que no se cause ning\u00fan da\u00f1o al medio ambiente ni al personal durante la sustituci\u00f3n y el mantenimiento. Los filtros BIBO suelen adoptar una estructura cil\u00edndrica o de caja, con un marco de fijaci\u00f3n de bolsa filtrante dedicado o un sistema de suspensi\u00f3n en su interior. La bolsa filtrante se carga por un extremo del dispositivo y se extrae por el otro. No es necesario entrar en contacto directo con el material filtrado durante todo el proceso, lo que reduce la contaminaci\u00f3n de la bolsa filtrante y del entorno de trabajo.<\/p>","protected":false},"excerpt":{"rendered":"<p>La composici\u00f3n de un filtro bag-in-bag-out es similar a la de una unidad combinada de aire acondicionado, ya que se combinan diferentes unidades funcionales y se ensamblan en una carcasa bag-in\/bag-out (carcasa BIBO) seg\u00fan las necesidades de la aplicaci\u00f3n.<\/p>","protected":false},"featured_media":3583,"template":"","meta":{"_acf_changed":false},"product_brand":[],"product_cat":[78],"product_tag":[105,107],"class_list":{"0":"post-3582","1":"product","2":"type-product","3":"status-publish","4":"has-post-thumbnail","6":"product_cat-bag-in-bag-out-filter-bibo","7":"product_tag-solution-biopharmaceuticals","8":"product_tag-solution-healthcare","10":"first","11":"instock","12":"shipping-taxable","13":"product-type-simple"},"acf":[],"_links":{"self":[{"href":"https:\/\/www.bacintl.com\/es\/wp-json\/wp\/v2\/product\/3582","targetHints":{"allow":["GET"]}}],"collection":[{"href":"https:\/\/www.bacintl.com\/es\/wp-json\/wp\/v2\/product"}],"about":[{"href":"https:\/\/www.bacintl.com\/es\/wp-json\/wp\/v2\/types\/product"}],"wp:featuredmedia":[{"embeddable":true,"href":"https:\/\/www.bacintl.com\/es\/wp-json\/wp\/v2\/media\/3583"}],"wp:attachment":[{"href":"https:\/\/www.bacintl.com\/es\/wp-json\/wp\/v2\/media?parent=3582"}],"wp:term":[{"taxonomy":"product_brand","embeddable":true,"href":"https:\/\/www.bacintl.com\/es\/wp-json\/wp\/v2\/product_brand?post=3582"},{"taxonomy":"product_cat","embeddable":true,"href":"https:\/\/www.bacintl.com\/es\/wp-json\/wp\/v2\/product_cat?post=3582"},{"taxonomy":"product_tag","embeddable":true,"href":"https:\/\/www.bacintl.com\/es\/wp-json\/wp\/v2\/product_tag?post=3582"}],"curies":[{"name":"wp","href":"https:\/\/api.w.org\/{rel}","templated":true}]}}