{"id":3569,"date":"2024-12-13T11:19:22","date_gmt":"2024-12-13T03:19:22","guid":{"rendered":"https:\/\/www.bacintl.com\/?post_type=product&#038;p=3569"},"modified":"2025-02-15T14:13:04","modified_gmt":"2025-02-15T06:13:04","slug":"weighing-table","status":"publish","type":"product","link":"https:\/\/www.bacintl.com\/es\/weighing-table\/","title":{"rendered":"Mesa de pesaje"},"content":{"rendered":"<p>The negative pressure weighing table is a local purification equipment specially used in places such as pharmaceuticals, microbiological research and scientific experiments. It provides vertical unidirectional airflow. Part of the clean air circulates in the working area, and part is discharged to the nearby area, so that negative pressure is generated in the working area to prevent cross contamination and to ensure a high cleanliness environment in the working area.<\/p>","protected":false},"excerpt":{"rendered":"<p>La mesa de pesaje de presi\u00f3n negativa es un dispositivo de depuraci\u00f3n con presi\u00f3n negativa en la zona de trabajo en relaci\u00f3n con la presi\u00f3n externa del equipo.<\/p>","protected":false},"featured_media":3572,"template":"","meta":{"_acf_changed":false},"product_brand":[],"product_cat":[75],"product_tag":[],"class_list":{"0":"post-3569","1":"product","2":"type-product","3":"status-publish","4":"has-post-thumbnail","6":"product_cat-weighing-room-dispensing-booth","8":"first","9":"instock","10":"shipping-taxable","11":"product-type-simple"},"acf":[],"_links":{"self":[{"href":"https:\/\/www.bacintl.com\/es\/wp-json\/wp\/v2\/product\/3569","targetHints":{"allow":["GET"]}}],"collection":[{"href":"https:\/\/www.bacintl.com\/es\/wp-json\/wp\/v2\/product"}],"about":[{"href":"https:\/\/www.bacintl.com\/es\/wp-json\/wp\/v2\/types\/product"}],"wp:featuredmedia":[{"embeddable":true,"href":"https:\/\/www.bacintl.com\/es\/wp-json\/wp\/v2\/media\/3572"}],"wp:attachment":[{"href":"https:\/\/www.bacintl.com\/es\/wp-json\/wp\/v2\/media?parent=3569"}],"wp:term":[{"taxonomy":"product_brand","embeddable":true,"href":"https:\/\/www.bacintl.com\/es\/wp-json\/wp\/v2\/product_brand?post=3569"},{"taxonomy":"product_cat","embeddable":true,"href":"https:\/\/www.bacintl.com\/es\/wp-json\/wp\/v2\/product_cat?post=3569"},{"taxonomy":"product_tag","embeddable":true,"href":"https:\/\/www.bacintl.com\/es\/wp-json\/wp\/v2\/product_tag?post=3569"}],"curies":[{"name":"wp","href":"https:\/\/api.w.org\/{rel}","templated":true}]}}