{"id":3566,"date":"2024-12-13T11:17:48","date_gmt":"2024-12-13T03:17:48","guid":{"rendered":"https:\/\/www.bacintl.com\/?post_type=product&#038;p=3566"},"modified":"2025-07-24T11:07:40","modified_gmt":"2025-07-24T03:07:40","slug":"negative-pressure-weighing-room","status":"publish","type":"product","link":"https:\/\/www.bacintl.com\/es\/negative-pressure-weighing-room\/","title":{"rendered":"Sala de pesaje de presi\u00f3n negativa"},"content":{"rendered":"<p>La sala de pesaje de presi\u00f3n negativa es un tipo de equipo de purificaci\u00f3n local utilizado en investigaci\u00f3n farmac\u00e9utica, microbiol\u00f3gica y experimentos cient\u00edficos. Proporciona un flujo de aire vertical unidireccional. Parte del aire limpio circula en la zona de trabajo y parte se descarga a la zona cercana, de modo que la zona de trabajo genera presi\u00f3n negativa. El pesaje y envasado de polvo y reactivos en el equipo puede controlar el desbordamiento y el aumento de polvo y reactivos, prevenir el da\u00f1o del polvo y reactivos al cuerpo humano por inhalaci\u00f3n, y evitar la contaminaci\u00f3n cruzada de polvo y reactivos, protegiendo el ambiente externo y la seguridad del personal en el interior.<\/p>","protected":false},"excerpt":{"rendered":"<p>La sala de pesaje de presi\u00f3n negativa proporciona un flujo de aire unidireccional vertical, un poco de circulaci\u00f3n de aire limpio en el \u00e1rea de trabajo, en parte descargado a la zona cercana, de modo que el \u00e1rea de trabajo producir presi\u00f3n negativa para evitar la contaminaci\u00f3n cruzada con el fin de garantizar el alto nivel de clase limpia de la zona de trabajo.<\/p>","protected":false},"featured_media":3568,"template":"","meta":{"_acf_changed":false},"product_brand":[],"product_cat":[75],"product_tag":[],"class_list":{"0":"post-3566","1":"product","2":"type-product","3":"status-publish","4":"has-post-thumbnail","6":"product_cat-weighing-room-dispensing-booth","8":"first","9":"instock","10":"shipping-taxable","11":"product-type-simple"},"acf":[],"_links":{"self":[{"href":"https:\/\/www.bacintl.com\/es\/wp-json\/wp\/v2\/product\/3566","targetHints":{"allow":["GET"]}}],"collection":[{"href":"https:\/\/www.bacintl.com\/es\/wp-json\/wp\/v2\/product"}],"about":[{"href":"https:\/\/www.bacintl.com\/es\/wp-json\/wp\/v2\/types\/product"}],"wp:featuredmedia":[{"embeddable":true,"href":"https:\/\/www.bacintl.com\/es\/wp-json\/wp\/v2\/media\/3568"}],"wp:attachment":[{"href":"https:\/\/www.bacintl.com\/es\/wp-json\/wp\/v2\/media?parent=3566"}],"wp:term":[{"taxonomy":"product_brand","embeddable":true,"href":"https:\/\/www.bacintl.com\/es\/wp-json\/wp\/v2\/product_brand?post=3566"},{"taxonomy":"product_cat","embeddable":true,"href":"https:\/\/www.bacintl.com\/es\/wp-json\/wp\/v2\/product_cat?post=3566"},{"taxonomy":"product_tag","embeddable":true,"href":"https:\/\/www.bacintl.com\/es\/wp-json\/wp\/v2\/product_tag?post=3566"}],"curies":[{"name":"wp","href":"https:\/\/api.w.org\/{rel}","templated":true}]}}