{"id":3564,"date":"2024-12-13T11:16:57","date_gmt":"2024-12-13T03:16:57","guid":{"rendered":"https:\/\/www.bacintl.com\/?post_type=product&#038;p=3564"},"modified":"2025-07-24T14:02:08","modified_gmt":"2025-07-24T06:02:08","slug":"hepa-exhaust-device","status":"publish","type":"product","link":"https:\/\/www.bacintl.com\/es\/hepa-exhaust-device\/","title":{"rendered":"Dispositivo de escape Hepa"},"content":{"rendered":"<p>El filtro de escape de alta eficiencia es un dispositivo utilizado para filtrar part\u00edculas y contaminantes en el aire con el fin de garantizar que la calidad del aire alcance altos niveles de limpieza. Se utiliza ampliamente en lugares donde se requiere un aire de alta limpieza. Suele constar de una o varias capas de filtros de aire de alta eficacia (HEPA), que pueden capturar al menos el 99,97% de las part\u00edculas con un di\u00e1metro de 0,3 micras o superior.<\/p>\n<p>La caja de escape de alta eficiencia es un dispositivo de filtrado de alta eficiencia para la secci\u00f3n de escape de la sala blanca, y se utiliza principalmente en los campos de productos farmac\u00e9uticos, alimentos, laboratorios biol\u00f3gicos, hospitales, etc. Consta de un cuerpo de caja, un filtro de alta eficiencia, un panel de escape, etc., y puede equiparse con secci\u00f3n de prefiltraci\u00f3n, secci\u00f3n de filtro de alta eficiencia, secci\u00f3n de prueba de barrido, secci\u00f3n de filtraci\u00f3n molecular, inyecci\u00f3n de aerosoles, detecci\u00f3n de presi\u00f3n diferencial y otros componentes seg\u00fan las necesidades. Adopta un dise\u00f1o de instalaci\u00f3n empotrado y puede instalarse directamente en la pared lateral de la sala blanca, lo que se ajusta a los h\u00e1bitos de funcionamiento y las especificaciones operativas de la sala blanca de la f\u00e1brica farmac\u00e9utica.<\/p>","protected":false},"excerpt":{"rendered":"<p>Cada unidad se somete a pruebas de estanqueidad al aire antes de salir de f\u00e1brica, y el \u00edndice de fugas no supera 0,1% por minuto a -2500Pa.<\/p>","protected":false},"featured_media":3565,"template":"","meta":{"_acf_changed":false},"product_brand":[],"product_cat":[74],"product_tag":[105,110],"class_list":{"0":"post-3564","1":"product","2":"type-product","3":"status-publish","4":"has-post-thumbnail","6":"product_cat-hepa-box","7":"product_tag-solution-biopharmaceuticals","8":"product_tag-solution-new-energy","10":"first","11":"instock","12":"shipping-taxable","13":"product-type-simple"},"acf":[],"_links":{"self":[{"href":"https:\/\/www.bacintl.com\/es\/wp-json\/wp\/v2\/product\/3564","targetHints":{"allow":["GET"]}}],"collection":[{"href":"https:\/\/www.bacintl.com\/es\/wp-json\/wp\/v2\/product"}],"about":[{"href":"https:\/\/www.bacintl.com\/es\/wp-json\/wp\/v2\/types\/product"}],"wp:featuredmedia":[{"embeddable":true,"href":"https:\/\/www.bacintl.com\/es\/wp-json\/wp\/v2\/media\/3565"}],"wp:attachment":[{"href":"https:\/\/www.bacintl.com\/es\/wp-json\/wp\/v2\/media?parent=3564"}],"wp:term":[{"taxonomy":"product_brand","embeddable":true,"href":"https:\/\/www.bacintl.com\/es\/wp-json\/wp\/v2\/product_brand?post=3564"},{"taxonomy":"product_cat","embeddable":true,"href":"https:\/\/www.bacintl.com\/es\/wp-json\/wp\/v2\/product_cat?post=3564"},{"taxonomy":"product_tag","embeddable":true,"href":"https:\/\/www.bacintl.com\/es\/wp-json\/wp\/v2\/product_tag?post=3564"}],"curies":[{"name":"wp","href":"https:\/\/api.w.org\/{rel}","templated":true}]}}