{"id":3552,"date":"2024-12-13T11:12:44","date_gmt":"2024-12-13T03:12:44","guid":{"rendered":"https:\/\/www.bacintl.com\/?post_type=product&#038;p=3552"},"modified":"2025-07-24T11:03:42","modified_gmt":"2025-07-24T03:03:42","slug":"general-hepa-box","status":"publish","type":"product","link":"https:\/\/www.bacintl.com\/es\/general-hepa-box\/","title":{"rendered":"Caja HEPA general"},"content":{"rendered":"<p>Generalmente se dise\u00f1an con la tecnolog\u00eda m\u00e1s avanzada para que la distribuci\u00f3n del flujo de aire sea m\u00e1s razonable y la estructura de la caja sencilla y fiable. La carcasa est\u00e1 hecha de chapa de acero laminado en fr\u00edo Baosteel, y la superficie est\u00e1 pulverizada o pintada para evitar el \u00e1cido y la corrosi\u00f3n. Contiene caja de presi\u00f3n est\u00e1tica, placa difusora, filtro de alta eficiencia, y la interfaz con el conducto de aire puede ser de conexi\u00f3n superior o lateral. Las salidas de aire tienen una buena organizaci\u00f3n del flujo de aire para lograr el prop\u00f3sito de reducir las zonas muertas en el \u00e1rea limpia y asegurar el efecto de purificaci\u00f3n. Se utilizan como dispositivos terminales de filtraci\u00f3n para nuevas construcciones o renovaciones de salas blancas de 1.000 a 300.000 niveles, y son equipos clave para cumplir los requisitos de purificaci\u00f3n.<\/p>","protected":false},"excerpt":{"rendered":"<p>La caja HEPA es un dispositivo de filtraci\u00f3n terminal con suministro de aire de configuraci\u00f3n lateral o vertical que crea un flujo turbulento para garantizar una buena mezcla de aire libre de polvo en el ambiente.<\/p>","protected":false},"featured_media":3554,"template":"","meta":{"_acf_changed":false},"product_brand":[],"product_cat":[74],"product_tag":[105,111,108,110,109],"class_list":{"0":"post-3552","1":"product","2":"type-product","3":"status-publish","4":"has-post-thumbnail","6":"product_cat-hepa-box","7":"product_tag-solution-biopharmaceuticals","8":"product_tag-solution-food-beverage","9":"product_tag-solution-microelectronics","10":"product_tag-solution-new-energy","11":"product_tag-solution-precision-manufacturing","13":"first","14":"instock","15":"shipping-taxable","16":"product-type-simple"},"acf":[],"_links":{"self":[{"href":"https:\/\/www.bacintl.com\/es\/wp-json\/wp\/v2\/product\/3552","targetHints":{"allow":["GET"]}}],"collection":[{"href":"https:\/\/www.bacintl.com\/es\/wp-json\/wp\/v2\/product"}],"about":[{"href":"https:\/\/www.bacintl.com\/es\/wp-json\/wp\/v2\/types\/product"}],"wp:featuredmedia":[{"embeddable":true,"href":"https:\/\/www.bacintl.com\/es\/wp-json\/wp\/v2\/media\/3554"}],"wp:attachment":[{"href":"https:\/\/www.bacintl.com\/es\/wp-json\/wp\/v2\/media?parent=3552"}],"wp:term":[{"taxonomy":"product_brand","embeddable":true,"href":"https:\/\/www.bacintl.com\/es\/wp-json\/wp\/v2\/product_brand?post=3552"},{"taxonomy":"product_cat","embeddable":true,"href":"https:\/\/www.bacintl.com\/es\/wp-json\/wp\/v2\/product_cat?post=3552"},{"taxonomy":"product_tag","embeddable":true,"href":"https:\/\/www.bacintl.com\/es\/wp-json\/wp\/v2\/product_tag?post=3552"}],"curies":[{"name":"wp","href":"https:\/\/api.w.org\/{rel}","templated":true}]}}