{"id":3550,"date":"2024-12-13T11:11:51","date_gmt":"2024-12-13T03:11:51","guid":{"rendered":"https:\/\/www.bacintl.com\/?post_type=product&#038;p=3550"},"modified":"2025-02-14T16:54:04","modified_gmt":"2025-02-14T08:54:04","slug":"class-a-laminar-flow-hood","status":"publish","type":"product","link":"https:\/\/www.bacintl.com\/es\/class-a-laminar-flow-hood\/","title":{"rendered":"Campana de flujo laminar de clase A"},"content":{"rendered":"<p>La campana de flujo laminar es uno de los equipos que pueden proteger y aislar al operario del producto. Su objetivo principal es evitar la contaminaci\u00f3n del producto. El aire extra\u00eddo de la sala limpia se filtra verticalmente a trav\u00e9s del \u00e1rea operativa mediante el ventilador instalado en la cabina presurizada superior a trav\u00e9s de HEPA, proporcionando un flujo de aire unidireccional ISO 5 (clase 100) para las \u00e1reas clave. El gas de escape se descarga por la parte inferior y se devuelve a la zona de la sala limpia. Se compone principalmente de una caja, un ventilador, un filtro de aire de alta eficiencia, una capa de amortiguaci\u00f3n, l\u00e1mparas, etc.<\/p>","protected":false},"excerpt":{"rendered":"<p>La campana de flujo laminar de clase A es un dispositivo de purificaci\u00f3n de aire que puede proporcionar un entorno local de alta limpieza. Filtra el aire a trav\u00e9s de un filtro de alta eficiencia para formar un flujo unidireccional vertical, garantizando que el \u00e1rea de trabajo cumpla los requisitos de alta limpieza.<\/p>","protected":false},"featured_media":3551,"template":"","meta":{"_acf_changed":false},"product_brand":[],"product_cat":[73],"product_tag":[103,105,109],"class_list":{"0":"post-3550","1":"product","2":"type-product","3":"status-publish","4":"has-post-thumbnail","6":"product_cat-dop-laf-laminar-flow-hood","7":"product_tag-home-cleanroom-equipment","8":"product_tag-solution-biopharmaceuticals","9":"product_tag-solution-precision-manufacturing","11":"first","12":"instock","13":"shipping-taxable","14":"product-type-simple"},"acf":[],"_links":{"self":[{"href":"https:\/\/www.bacintl.com\/es\/wp-json\/wp\/v2\/product\/3550","targetHints":{"allow":["GET"]}}],"collection":[{"href":"https:\/\/www.bacintl.com\/es\/wp-json\/wp\/v2\/product"}],"about":[{"href":"https:\/\/www.bacintl.com\/es\/wp-json\/wp\/v2\/types\/product"}],"wp:featuredmedia":[{"embeddable":true,"href":"https:\/\/www.bacintl.com\/es\/wp-json\/wp\/v2\/media\/3551"}],"wp:attachment":[{"href":"https:\/\/www.bacintl.com\/es\/wp-json\/wp\/v2\/media?parent=3550"}],"wp:term":[{"taxonomy":"product_brand","embeddable":true,"href":"https:\/\/www.bacintl.com\/es\/wp-json\/wp\/v2\/product_brand?post=3550"},{"taxonomy":"product_cat","embeddable":true,"href":"https:\/\/www.bacintl.com\/es\/wp-json\/wp\/v2\/product_cat?post=3550"},{"taxonomy":"product_tag","embeddable":true,"href":"https:\/\/www.bacintl.com\/es\/wp-json\/wp\/v2\/product_tag?post=3550"}],"curies":[{"name":"wp","href":"https:\/\/api.w.org\/{rel}","templated":true}]}}