{"id":3541,"date":"2024-12-13T11:06:27","date_gmt":"2024-12-13T03:06:27","guid":{"rendered":"https:\/\/www.bacintl.com\/?post_type=product&#038;p=3541"},"modified":"2025-07-24T10:54:20","modified_gmt":"2025-07-24T02:54:20","slug":"direct-current-ffu","status":"publish","type":"product","link":"https:\/\/www.bacintl.com\/es\/direct-current-ffu\/","title":{"rendered":"FFU de corriente continua"},"content":{"rendered":"<p>La unidad de filtro de ventilador FFU sirve para purificar el aire enviado a la zona limpia para cumplir los requisitos del entorno limpio. Se instala en la quilla del techo (T-Grid) del \u00e1rea limpia o \u00e1rea de trabajo o en la m\u00e1quina del equipo, y tiene una amplia gama de usos. La unidad de filtro de ventilador FFU se utiliza principalmente en semiconductores, pantallas de cristal l\u00edquido, optoelectr\u00f3nica, instrumentos de precisi\u00f3n, qu\u00edmica, biomedicina, hospitales, alimentaci\u00f3n, institutos de investigaci\u00f3n, universidades, aeroespacial, automoci\u00f3n, revestimiento, impresi\u00f3n y otros campos.<\/p>","protected":false},"excerpt":{"rendered":"<p>DC FFU es un grupo electr\u00f3geno con motor interior que se utiliza en la capa turbulenta y en la sala blanca de flujo laminar. Tiene la ventaja del uso continuo. La velocidad del viento puede alcanzar 0,45 m\/s \u00b120%.<\/p>","protected":false},"featured_media":3542,"template":"","meta":{"_acf_changed":false},"product_brand":[],"product_cat":[71],"product_tag":[],"class_list":{"0":"post-3541","1":"product","2":"type-product","3":"status-publish","4":"has-post-thumbnail","6":"product_cat-ffu-fan-filter-unit","8":"first","9":"instock","10":"shipping-taxable","11":"product-type-simple"},"acf":[],"_links":{"self":[{"href":"https:\/\/www.bacintl.com\/es\/wp-json\/wp\/v2\/product\/3541","targetHints":{"allow":["GET"]}}],"collection":[{"href":"https:\/\/www.bacintl.com\/es\/wp-json\/wp\/v2\/product"}],"about":[{"href":"https:\/\/www.bacintl.com\/es\/wp-json\/wp\/v2\/types\/product"}],"wp:featuredmedia":[{"embeddable":true,"href":"https:\/\/www.bacintl.com\/es\/wp-json\/wp\/v2\/media\/3542"}],"wp:attachment":[{"href":"https:\/\/www.bacintl.com\/es\/wp-json\/wp\/v2\/media?parent=3541"}],"wp:term":[{"taxonomy":"product_brand","embeddable":true,"href":"https:\/\/www.bacintl.com\/es\/wp-json\/wp\/v2\/product_brand?post=3541"},{"taxonomy":"product_cat","embeddable":true,"href":"https:\/\/www.bacintl.com\/es\/wp-json\/wp\/v2\/product_cat?post=3541"},{"taxonomy":"product_tag","embeddable":true,"href":"https:\/\/www.bacintl.com\/es\/wp-json\/wp\/v2\/product_tag?post=3541"}],"curies":[{"name":"wp","href":"https:\/\/api.w.org\/{rel}","templated":true}]}}