{"id":3526,"date":"2024-12-13T10:53:25","date_gmt":"2024-12-13T02:53:25","guid":{"rendered":"https:\/\/www.bacintl.com\/?post_type=product&#038;p=3526"},"modified":"2025-07-24T11:12:22","modified_gmt":"2025-07-24T03:12:22","slug":"separated-vertical-clean-bench","status":"publish","type":"product","link":"https:\/\/www.bacintl.com\/es\/separated-vertical-clean-bench\/","title":{"rendered":"Banco de limpieza vertical separado"},"content":{"rendered":"<p>El banco limpio se utiliza ampliamente en departamentos de investigaci\u00f3n cient\u00edfica y producci\u00f3n que requieren un entorno de trabajo limpio local, como la electr\u00f3nica, los instrumentos de precisi\u00f3n de defensa, los medidores, los productos biofarmac\u00e9uticos, los alimentos, las pruebas microbiol\u00f3gicas est\u00e9riles, la inoculaci\u00f3n de cultivos de tejidos vegetales y otras industrias. Es un equipo de aireaci\u00f3n muy vers\u00e1til que proporciona un entorno local de gran pureza. Su uso tiene un buen efecto en la mejora de las condiciones del proceso, la mejora de la calidad del producto y el aumento de la tasa de rendimiento.<\/p>","protected":false},"excerpt":{"rendered":"<p>Adopta una superficie de trabajo separable, que puede extraerse de la zona de trabajo para evitar la vibraci\u00f3n del cuerpo durante el trabajo.<\/p>","protected":false},"featured_media":3528,"template":"","meta":{"_acf_changed":false},"product_brand":[],"product_cat":[76],"product_tag":[],"class_list":{"0":"post-3526","1":"product","2":"type-product","3":"status-publish","4":"has-post-thumbnail","6":"product_cat-clean-bench-laminar-flow-cabinet","8":"first","9":"instock","10":"shipping-taxable","11":"product-type-simple"},"acf":[],"_links":{"self":[{"href":"https:\/\/www.bacintl.com\/es\/wp-json\/wp\/v2\/product\/3526","targetHints":{"allow":["GET"]}}],"collection":[{"href":"https:\/\/www.bacintl.com\/es\/wp-json\/wp\/v2\/product"}],"about":[{"href":"https:\/\/www.bacintl.com\/es\/wp-json\/wp\/v2\/types\/product"}],"wp:featuredmedia":[{"embeddable":true,"href":"https:\/\/www.bacintl.com\/es\/wp-json\/wp\/v2\/media\/3528"}],"wp:attachment":[{"href":"https:\/\/www.bacintl.com\/es\/wp-json\/wp\/v2\/media?parent=3526"}],"wp:term":[{"taxonomy":"product_brand","embeddable":true,"href":"https:\/\/www.bacintl.com\/es\/wp-json\/wp\/v2\/product_brand?post=3526"},{"taxonomy":"product_cat","embeddable":true,"href":"https:\/\/www.bacintl.com\/es\/wp-json\/wp\/v2\/product_cat?post=3526"},{"taxonomy":"product_tag","embeddable":true,"href":"https:\/\/www.bacintl.com\/es\/wp-json\/wp\/v2\/product_tag?post=3526"}],"curies":[{"name":"wp","href":"https:\/\/api.w.org\/{rel}","templated":true}]}}