{"id":3520,"date":"2024-12-13T10:48:20","date_gmt":"2024-12-13T02:48:20","guid":{"rendered":"https:\/\/www.bacintl.com\/?post_type=product&#038;p=3520"},"modified":"2025-07-24T14:07:27","modified_gmt":"2025-07-24T06:07:27","slug":"vhp-pass-box","status":"publish","type":"product","link":"https:\/\/www.bacintl.com\/es\/vhp-pass-box\/","title":{"rendered":"Caja de pases VHP"},"content":{"rendered":"<p>La caja de paso es un dispositivo de purificaci\u00f3n instalado en la pared divisoria entre zonas limpias de diferentes niveles y entre zonas limpias y zonas no limpias, que se utiliza para transferir art\u00edculos entre s\u00ed. La caja de paso es el dispositivo m\u00e1s eficaz para prevenir la contaminaci\u00f3n. Su caracter\u00edstica es el doble enclavamiento de la puerta, que reduce eficazmente el n\u00famero de veces que los miembros del personal entran en la sala limpia para transportar art\u00edculos e impide que el aire exterior entre en la sala limpia. El equipo completo es econ\u00f3mico y asequible, y es el mejor dispositivo de transferencia para la sala blanca. La caja de paso se utiliza ampliamente en microtecnolog\u00eda, laboratorios biol\u00f3gicos, f\u00e1bricas farmac\u00e9uticas, hospitales, industria alimentaria, LCD, f\u00e1bricas de electr\u00f3nica y otros lugares que requieren purificaci\u00f3n del aire.<\/p>","protected":false},"excerpt":{"rendered":"<p>El generador de per\u00f3xido de hidr\u00f3geno vaporizado (VHP) utiliza la ventaja de que el per\u00f3xido de hidr\u00f3geno en estado gaseoso a temperatura ambiente es m\u00e1s capaz de matar esporas que en estado l\u00edquido. Genera radicales hidroxilo libres para atacar a los componentes celulares, incluidos los l\u00edpidos, las prote\u00ednas y los tejidos de ADN, para lograr los requisitos de la esterilizaci\u00f3n 100%.<\/p>","protected":false},"featured_media":3521,"template":"","meta":{"_acf_changed":false},"product_brand":[],"product_cat":[70],"product_tag":[],"class_list":{"0":"post-3520","1":"product","2":"type-product","3":"status-publish","4":"has-post-thumbnail","6":"product_cat-laminar-flow-pass-box","8":"first","9":"instock","10":"shipping-taxable","11":"product-type-simple"},"acf":[],"_links":{"self":[{"href":"https:\/\/www.bacintl.com\/es\/wp-json\/wp\/v2\/product\/3520","targetHints":{"allow":["GET"]}}],"collection":[{"href":"https:\/\/www.bacintl.com\/es\/wp-json\/wp\/v2\/product"}],"about":[{"href":"https:\/\/www.bacintl.com\/es\/wp-json\/wp\/v2\/types\/product"}],"wp:featuredmedia":[{"embeddable":true,"href":"https:\/\/www.bacintl.com\/es\/wp-json\/wp\/v2\/media\/3521"}],"wp:attachment":[{"href":"https:\/\/www.bacintl.com\/es\/wp-json\/wp\/v2\/media?parent=3520"}],"wp:term":[{"taxonomy":"product_brand","embeddable":true,"href":"https:\/\/www.bacintl.com\/es\/wp-json\/wp\/v2\/product_brand?post=3520"},{"taxonomy":"product_cat","embeddable":true,"href":"https:\/\/www.bacintl.com\/es\/wp-json\/wp\/v2\/product_cat?post=3520"},{"taxonomy":"product_tag","embeddable":true,"href":"https:\/\/www.bacintl.com\/es\/wp-json\/wp\/v2\/product_tag?post=3520"}],"curies":[{"name":"wp","href":"https:\/\/api.w.org\/{rel}","templated":true}]}}