{"id":3493,"date":"2024-12-13T10:31:29","date_gmt":"2024-12-13T02:31:29","guid":{"rendered":"https:\/\/www.bacintl.com\/?post_type=product&#038;p=3493"},"modified":"2025-07-24T13:59:04","modified_gmt":"2025-07-24T05:59:04","slug":"abnormity-air-shower","status":"publish","type":"product","link":"https:\/\/www.bacintl.com\/es\/abnormity-air-shower\/","title":{"rendered":"Ducha de aire an\u00f3mala"},"content":{"rendered":"<p>La sala de ducha de aire es un tipo de equipo de purificaci\u00f3n local con una gran versatilidad. Se instala en la pared divisoria entre la sala limpia y la sala no limpia, y se utiliza para soplar y eliminar el polvo cuando entran personas u objetos en la zona limpia. Despu\u00e9s de su uso, puede reducir eficazmente la fuente de polvo que entra en la zona limpia, para que \u00e9sta pueda mantener unas condiciones de trabajo normales. La sala de ducha de aire se utiliza para soplar el polvo adherido a la superficie de personas y objetos, y al mismo tiempo act\u00faa como una esclusa para evitar que el aire no purificado entre en el \u00e1rea limpia. Es un equipo eficaz para purificar a las personas y los materiales e impedir que el aire exterior invada la zona limpia. Puede utilizarse junto con salas limpias y talleres limpios. La sala de ducha de aire puede equiparse con un calefactor seg\u00fan las necesidades del usuario. Puede calentarse en invierno y la temperatura es regulable. Adem\u00e1s de tener un cierto efecto de purificaci\u00f3n, la sala de ducha de aire sirve como l\u00edmite para entrar en la zona limpia y tiene una funci\u00f3n de advertencia, lo que es propicio para regular las actividades del personal de la sala limpia en la sala limpia.<\/p>","protected":false},"excerpt":{"rendered":"<p>Dise\u00f1o y funciones personalizados para diversas aplicaciones: forma de T, forma de L, forma de Z, forma de U y otras formas, as\u00ed como diferentes materiales y componentes.<\/p>","protected":false},"featured_media":3494,"template":"","meta":{"_acf_changed":false},"product_brand":[],"product_cat":[68],"product_tag":[],"class_list":{"0":"post-3493","1":"product","2":"type-product","3":"status-publish","4":"has-post-thumbnail","6":"product_cat-air-shower-cargo-air-shower","8":"first","9":"instock","10":"shipping-taxable","11":"product-type-simple"},"acf":[],"_links":{"self":[{"href":"https:\/\/www.bacintl.com\/es\/wp-json\/wp\/v2\/product\/3493","targetHints":{"allow":["GET"]}}],"collection":[{"href":"https:\/\/www.bacintl.com\/es\/wp-json\/wp\/v2\/product"}],"about":[{"href":"https:\/\/www.bacintl.com\/es\/wp-json\/wp\/v2\/types\/product"}],"wp:featuredmedia":[{"embeddable":true,"href":"https:\/\/www.bacintl.com\/es\/wp-json\/wp\/v2\/media\/3494"}],"wp:attachment":[{"href":"https:\/\/www.bacintl.com\/es\/wp-json\/wp\/v2\/media?parent=3493"}],"wp:term":[{"taxonomy":"product_brand","embeddable":true,"href":"https:\/\/www.bacintl.com\/es\/wp-json\/wp\/v2\/product_brand?post=3493"},{"taxonomy":"product_cat","embeddable":true,"href":"https:\/\/www.bacintl.com\/es\/wp-json\/wp\/v2\/product_cat?post=3493"},{"taxonomy":"product_tag","embeddable":true,"href":"https:\/\/www.bacintl.com\/es\/wp-json\/wp\/v2\/product_tag?post=3493"}],"curies":[{"name":"wp","href":"https:\/\/api.w.org\/{rel}","templated":true}]}}