{"id":3491,"date":"2024-12-13T10:30:03","date_gmt":"2024-12-13T02:30:03","guid":{"rendered":"https:\/\/www.bacintl.com\/?post_type=product&#038;p=3491"},"modified":"2025-02-13T17:14:15","modified_gmt":"2025-02-13T09:14:15","slug":"cargo-air-shower-with-sliding-door","status":"publish","type":"product","link":"https:\/\/www.bacintl.com\/es\/cargo-air-shower-with-sliding-door\/","title":{"rendered":"Cargo Air Ducha con puerta corredera"},"content":{"rendered":"<p>La sala de ducha de aire de carga es un tipo de equipo de purificaci\u00f3n local con una gran versatilidad. Se instala en la pared divisoria entre la sala limpia y la sala no limpia, y se utiliza para soplar y eliminar el polvo cuando entran personas u objetos en la zona limpia. Despu\u00e9s de su uso, puede reducir eficazmente la fuente de polvo que entra en la zona limpia, para que \u00e9sta pueda mantener unas condiciones de trabajo normales. La sala de ducha de aire de carga se utiliza para soplar el polvo adherido a la superficie de personas y objetos, y al mismo tiempo act\u00faa como esclusa para evitar que el aire no purificado entre en el \u00e1rea limpia. Es un equipo eficaz para purificar a las personas y los materiales e impedir que el aire exterior invada la zona limpia. Puede utilizarse junto con salas limpias y talleres limpios. La sala de ducha de aire puede equiparse con un calefactor seg\u00fan las necesidades del usuario. Puede calentarse en invierno y la temperatura es regulable. Adem\u00e1s de tener un cierto efecto de purificaci\u00f3n, la sala de ducha de aire sirve como l\u00edmite para entrar en la zona limpia y tiene una funci\u00f3n de advertencia, lo que es propicio para regular las actividades del personal de la sala limpia en la sala limpia.<\/p>","protected":false},"excerpt":{"rendered":"<p>Cargo air shower with sliding door can be opened or closed by automatically senses or remote control, or by clicking. It is much more available, intelligent and convenient.<\/p>","protected":false},"featured_media":3996,"template":"","meta":{"_acf_changed":false},"product_brand":[],"product_cat":[68],"product_tag":[],"class_list":{"0":"post-3491","1":"product","2":"type-product","3":"status-publish","4":"has-post-thumbnail","6":"product_cat-air-shower-cargo-air-shower","8":"first","9":"instock","10":"shipping-taxable","11":"product-type-simple"},"acf":[],"_links":{"self":[{"href":"https:\/\/www.bacintl.com\/es\/wp-json\/wp\/v2\/product\/3491","targetHints":{"allow":["GET"]}}],"collection":[{"href":"https:\/\/www.bacintl.com\/es\/wp-json\/wp\/v2\/product"}],"about":[{"href":"https:\/\/www.bacintl.com\/es\/wp-json\/wp\/v2\/types\/product"}],"wp:featuredmedia":[{"embeddable":true,"href":"https:\/\/www.bacintl.com\/es\/wp-json\/wp\/v2\/media\/3996"}],"wp:attachment":[{"href":"https:\/\/www.bacintl.com\/es\/wp-json\/wp\/v2\/media?parent=3491"}],"wp:term":[{"taxonomy":"product_brand","embeddable":true,"href":"https:\/\/www.bacintl.com\/es\/wp-json\/wp\/v2\/product_brand?post=3491"},{"taxonomy":"product_cat","embeddable":true,"href":"https:\/\/www.bacintl.com\/es\/wp-json\/wp\/v2\/product_cat?post=3491"},{"taxonomy":"product_tag","embeddable":true,"href":"https:\/\/www.bacintl.com\/es\/wp-json\/wp\/v2\/product_tag?post=3491"}],"curies":[{"name":"wp","href":"https:\/\/api.w.org\/{rel}","templated":true}]}}