{"id":3481,"date":"2024-12-12T17:03:14","date_gmt":"2024-12-12T09:03:14","guid":{"rendered":"https:\/\/www.bacintl.com\/?post_type=product&#038;p=3481"},"modified":"2025-07-24T11:49:42","modified_gmt":"2025-07-24T03:49:42","slug":"residual-pressure-valve","status":"publish","type":"product","link":"https:\/\/www.bacintl.com\/es\/residual-pressure-valve\/","title":{"rendered":"V\u00e1lvula de presi\u00f3n residual"},"content":{"rendered":"<p>La v\u00e1lvula de presi\u00f3n residual es un dispositivo unidireccional de regulaci\u00f3n del volumen de aire. El grado de apertura se ajusta en funci\u00f3n de la diferencia de presi\u00f3n est\u00e1tica, y la posici\u00f3n del peso se utiliza para equilibrar la presi\u00f3n del viento. El volumen de aire que pasa a trav\u00e9s de la v\u00e1lvula de presi\u00f3n residual est\u00e1 generalmente entre 100-1200m3\/h, y la diferencia de presi\u00f3n se mantiene entre 5-40Pa.<\/p>","protected":false},"excerpt":{"rendered":"<p>La v\u00e1lvula de presi\u00f3n residual es un dispositivo creado para mantener una determinada presi\u00f3n est\u00e1tica interior y realizar el control autom\u00e1tico sin consumo de energ\u00eda de la presi\u00f3n positiva en la sala climatizada.<\/p>","protected":false},"featured_media":3482,"template":"","meta":{"_acf_changed":false},"product_brand":[],"product_cat":[88],"product_tag":[],"class_list":{"0":"post-3481","1":"product","2":"type-product","3":"status-publish","4":"has-post-thumbnail","6":"product_cat-clean-room-supporting-materials","8":"first","9":"instock","10":"shipping-taxable","11":"product-type-simple"},"acf":[],"_links":{"self":[{"href":"https:\/\/www.bacintl.com\/es\/wp-json\/wp\/v2\/product\/3481","targetHints":{"allow":["GET"]}}],"collection":[{"href":"https:\/\/www.bacintl.com\/es\/wp-json\/wp\/v2\/product"}],"about":[{"href":"https:\/\/www.bacintl.com\/es\/wp-json\/wp\/v2\/types\/product"}],"wp:featuredmedia":[{"embeddable":true,"href":"https:\/\/www.bacintl.com\/es\/wp-json\/wp\/v2\/media\/3482"}],"wp:attachment":[{"href":"https:\/\/www.bacintl.com\/es\/wp-json\/wp\/v2\/media?parent=3481"}],"wp:term":[{"taxonomy":"product_brand","embeddable":true,"href":"https:\/\/www.bacintl.com\/es\/wp-json\/wp\/v2\/product_brand?post=3481"},{"taxonomy":"product_cat","embeddable":true,"href":"https:\/\/www.bacintl.com\/es\/wp-json\/wp\/v2\/product_cat?post=3481"},{"taxonomy":"product_tag","embeddable":true,"href":"https:\/\/www.bacintl.com\/es\/wp-json\/wp\/v2\/product_tag?post=3481"}],"curies":[{"name":"wp","href":"https:\/\/api.w.org\/{rel}","templated":true}]}}