{"id":3476,"date":"2024-12-12T17:01:09","date_gmt":"2024-12-12T09:01:09","guid":{"rendered":"https:\/\/www.bacintl.com\/?post_type=product&#038;p=3476"},"modified":"2025-07-24T11:48:47","modified_gmt":"2025-07-24T03:48:47","slug":"pvc-floor","status":"publish","type":"product","link":"https:\/\/www.bacintl.com\/es\/pvc-floor\/","title":{"rendered":"Suelo de PVC"},"content":{"rendered":"<p>El suelo de PVC para salas blancas es un suelo de alta calidad fabricado con material de PVC y arena y piedra resistentes al desgaste. Es ligero, resistente al desgaste, bonito y antibacteriano. Se divide en series de n\u00facleo homog\u00e9neo penetrante, compuesto, deportivo, antideslizante y antiest\u00e1tico y conductor. Tiene una amplia gama de usos y las especificaciones incluyen bloques y rollos. Es un nuevo tipo de material de construcci\u00f3n y uno de los productos modernos respetuosos con el medio ambiente. \u00c1mbito de aplicaci\u00f3n: superficie de m\u00e1rmol viejo debidamente tratada, superficie de terrazo, superficie de baldosas lisas, superficie de tableros de madera elevados, suelo vertido de cemento y pavimentaci\u00f3n de superficies met\u00e1licas espec\u00edficas. Se utiliza ampliamente en hospitales, edificios de oficinas, empresas industriales y mineras, escuelas, hoteles y otros lugares.<\/p>","protected":false},"excerpt":{"rendered":"<p>\"Piso de PVC\" se refiere al piso hecho de materiales de cloruro de polivinilo. Concretamente, est\u00e1 hecho de cloruro de polivinilo y su resina copol\u00edmera como materias primas principales, con cargas, plastificantes, estabilizantes, colorantes y otros materiales auxiliares a\u00f1adidos, y se produce en un sustrato continuo similar a una l\u00e1mina mediante un proceso de revestimiento o un proceso de calandrado, extrusi\u00f3n o extrusi\u00f3n.<\/p>","protected":false},"featured_media":3477,"template":"","meta":{"_acf_changed":false},"product_brand":[],"product_cat":[88],"product_tag":[104,113,105,111],"class_list":{"0":"post-3476","1":"product","2":"type-product","3":"status-publish","4":"has-post-thumbnail","6":"product_cat-clean-room-supporting-materials","7":"product_tag-home-modular-cleanroom","8":"product_tag-laboratory","9":"product_tag-solution-biopharmaceuticals","10":"product_tag-solution-food-beverage","12":"first","13":"instock","14":"shipping-taxable","15":"product-type-simple"},"acf":[],"_links":{"self":[{"href":"https:\/\/www.bacintl.com\/es\/wp-json\/wp\/v2\/product\/3476","targetHints":{"allow":["GET"]}}],"collection":[{"href":"https:\/\/www.bacintl.com\/es\/wp-json\/wp\/v2\/product"}],"about":[{"href":"https:\/\/www.bacintl.com\/es\/wp-json\/wp\/v2\/types\/product"}],"wp:featuredmedia":[{"embeddable":true,"href":"https:\/\/www.bacintl.com\/es\/wp-json\/wp\/v2\/media\/3477"}],"wp:attachment":[{"href":"https:\/\/www.bacintl.com\/es\/wp-json\/wp\/v2\/media?parent=3476"}],"wp:term":[{"taxonomy":"product_brand","embeddable":true,"href":"https:\/\/www.bacintl.com\/es\/wp-json\/wp\/v2\/product_brand?post=3476"},{"taxonomy":"product_cat","embeddable":true,"href":"https:\/\/www.bacintl.com\/es\/wp-json\/wp\/v2\/product_cat?post=3476"},{"taxonomy":"product_tag","embeddable":true,"href":"https:\/\/www.bacintl.com\/es\/wp-json\/wp\/v2\/product_tag?post=3476"}],"curies":[{"name":"wp","href":"https:\/\/api.w.org\/{rel}","templated":true}]}}