{"id":3469,"date":"2024-12-12T16:55:25","date_gmt":"2024-12-12T08:55:25","guid":{"rendered":"https:\/\/www.bacintl.com\/?post_type=product&#038;p=3469"},"modified":"2025-02-15T16:16:19","modified_gmt":"2025-02-15T08:16:19","slug":"fume-hoods","status":"publish","type":"product","link":"https:\/\/www.bacintl.com\/es\/fume-hoods\/","title":{"rendered":"Campanas extractoras"},"content":{"rendered":"<p>Las campanas extractoras son un tipo indispensable de mobiliario de laboratorio. Desempe\u00f1an la funci\u00f3n de extracci\u00f3n y ventilaci\u00f3n en el laboratorio. La estructura de la campana extractora es ascendente y descendente, con orificios de escape en la parte superior, donde pueden instalarse ventiladores. En el armario superior hay placas de gu\u00eda, interruptores t\u00e1ctiles de control de circuitos, tomas de corriente, etc. La ventana de perspectiva es de vidrio templado y puede moverse a izquierda y derecha o arriba y abajo. Para que la gente la maneje. El armario inferior adopta el estilo de una mesa auxiliar experimental, con una encimera en la parte superior y un cuerpo de armario debajo. En la encimera pueden instalarse peque\u00f1os vasos de agua y grifos. Los materiales de la campana extractora son diversos, incluyendo acero, acero-madera, madera, aluminio-madera, pl\u00e1stico-acero, estructura de PVC, etc. La encimera es el lugar que entra en contacto directo con el operario, y est\u00e1 compuesta por tableros s\u00f3lidos f\u00edsicos y qu\u00edmicos, placas de acero inoxidable, PVC, cer\u00e1mica y otros materiales. La campana extractora se instala generalmente contra la pared. En el centro de la parte delantera hay una puerta transparente que se puede mover hacia arriba y hacia abajo (en su mayor\u00eda de cristal), y la altura de apertura suele ser de 100-600 mm. Detr\u00e1s de la puerta se encuentra la superficie de trabajo para el experimento, con conexiones para experimentos como tuber\u00edas de agua, alcantarillas, fuentes de alimentaci\u00f3n, bombas de vac\u00edo, tuber\u00edas de gas, etc., y hay luces con cubiertas protectoras para la iluminaci\u00f3n. Una vez que el aire es aspirado por el extractor situado en la parte superior delantera de la vitrina, se conduce a otro lugar a trav\u00e9s de un conducto (lo que se denomina ventilaci\u00f3n completa) o se filtra y recicla (lo que se denomina ventilaci\u00f3n sin conductos). La mayor\u00eda de las vitrinas de gases hacen sonar una alarma para recordar al operador cuando (1) el volumen de extracci\u00f3n es demasiado peque\u00f1o o (2) la puerta de cristal frontal est\u00e1 demasiado abierta. Por lo general, la velocidad del viento en el puerto de funcionamiento despu\u00e9s de abrir la puerta de cristal no debe ser inferior a 0,5 m\/s. La velocidad del extractor interno y la luz tienen interruptores ajustables. Cuando se utiliza, la persona se sit\u00faa de pie o sentada frente al armario, baja la puerta de cristal tanto como sea posible y se introduce en el armario a trav\u00e9s de la puerta para realizar los experimentos. Debido a que el ventilador de escape extrae el aire hacia el interior a trav\u00e9s de la puerta abierta, los gases nocivos no se desbordar\u00e1n en grandes cantidades en circunstancias normales.<\/p>","protected":false},"excerpt":{"rendered":"<p>La campana extractora de humos de acero inoxidable es un tipo de equipo que se utiliza en los laboratorios, principalmente para extraer los gases nocivos de la sala y garantizar la calidad del aire en el laboratorio. Sus componentes principales incluyen la cabina, la entrada de aire, el filtro, el dispositivo de escape y el sistema de control, etc.<\/p>","protected":false},"featured_media":3471,"template":"","meta":{"_acf_changed":false},"product_brand":[],"product_cat":[88],"product_tag":[104,105],"class_list":{"0":"post-3469","1":"product","2":"type-product","3":"status-publish","4":"has-post-thumbnail","6":"product_cat-clean-room-supporting-materials","7":"product_tag-home-modular-cleanroom","8":"product_tag-solution-biopharmaceuticals","10":"first","11":"instock","12":"shipping-taxable","13":"product-type-simple"},"acf":[],"_links":{"self":[{"href":"https:\/\/www.bacintl.com\/es\/wp-json\/wp\/v2\/product\/3469","targetHints":{"allow":["GET"]}}],"collection":[{"href":"https:\/\/www.bacintl.com\/es\/wp-json\/wp\/v2\/product"}],"about":[{"href":"https:\/\/www.bacintl.com\/es\/wp-json\/wp\/v2\/types\/product"}],"wp:featuredmedia":[{"embeddable":true,"href":"https:\/\/www.bacintl.com\/es\/wp-json\/wp\/v2\/media\/3471"}],"wp:attachment":[{"href":"https:\/\/www.bacintl.com\/es\/wp-json\/wp\/v2\/media?parent=3469"}],"wp:term":[{"taxonomy":"product_brand","embeddable":true,"href":"https:\/\/www.bacintl.com\/es\/wp-json\/wp\/v2\/product_brand?post=3469"},{"taxonomy":"product_cat","embeddable":true,"href":"https:\/\/www.bacintl.com\/es\/wp-json\/wp\/v2\/product_cat?post=3469"},{"taxonomy":"product_tag","embeddable":true,"href":"https:\/\/www.bacintl.com\/es\/wp-json\/wp\/v2\/product_tag?post=3469"}],"curies":[{"name":"wp","href":"https:\/\/api.w.org\/{rel}","templated":true}]}}