{"id":3449,"date":"2024-12-12T16:45:42","date_gmt":"2024-12-12T08:45:42","guid":{"rendered":"https:\/\/www.bacintl.com\/?post_type=product&#038;p=3449"},"modified":"2025-07-24T14:29:19","modified_gmt":"2025-07-24T06:29:19","slug":"modular-operating-room","status":"publish","type":"product","link":"https:\/\/www.bacintl.com\/es\/modular-operating-room\/","title":{"rendered":"Quir\u00f3fano modular"},"content":{"rendered":"<p>El quir\u00f3fano limpio modular es un concepto moderno de dise\u00f1o de quir\u00f3fanos. Adopta la tecnolog\u00eda de construcci\u00f3n modular para proporcionar un entorno quir\u00fargico altamente limpio, eficiente y seguro. Mediante un estricto control del funcionamiento y los procesos, el quir\u00f3fano limpio modular puede reducir eficazmente la aparici\u00f3n de infecciones postoperatorias y cruzadas, mejorar la calidad de la cirug\u00eda y la eficacia para el paciente. Por quir\u00f3fano modular se entiende un tipo de quir\u00f3fano en el que la estructura de cerramiento del quir\u00f3fano y los productos de apoyo se ensamblan e instalan con un dise\u00f1o y un m\u00e9todo de construcci\u00f3n modulares, lo que puede acortar eficazmente el per\u00edodo de construcci\u00f3n, reducir los residuos de la construcci\u00f3n y la contaminaci\u00f3n por polvo, mejorar la calidad del proyecto y lograr una construcci\u00f3n ecol\u00f3gica.<\/p>","protected":false},"excerpt":{"rendered":"<p>El quir\u00f3fano modular (quir\u00f3fano de instalaci\u00f3n r\u00e1pida) es un innovador concepto de dise\u00f1o de quir\u00f3fanos. Es como un conjunto de bloques de construcci\u00f3n cuidadosamente dise\u00f1ados, que preconfiguran de f\u00e1brica las distintas partes funcionales del quir\u00f3fano en m\u00f3dulos independientes. Estos m\u00f3dulos incluyen el \u00e1rea de operaciones quir\u00fargicas, el \u00e1rea de equipos, el \u00e1rea de sistemas de depuraci\u00f3n y el \u00e1rea de trabajo auxiliar.<\/p>","protected":false},"featured_media":3450,"template":"","meta":{"_acf_changed":false},"product_brand":[],"product_cat":[87],"product_tag":[104,107],"class_list":{"0":"post-3449","1":"product","2":"type-product","3":"status-publish","4":"has-post-thumbnail","6":"product_cat-modular-operating-room","7":"product_tag-home-modular-cleanroom","8":"product_tag-solution-healthcare","10":"first","11":"instock","12":"shipping-taxable","13":"product-type-simple"},"acf":[],"_links":{"self":[{"href":"https:\/\/www.bacintl.com\/es\/wp-json\/wp\/v2\/product\/3449","targetHints":{"allow":["GET"]}}],"collection":[{"href":"https:\/\/www.bacintl.com\/es\/wp-json\/wp\/v2\/product"}],"about":[{"href":"https:\/\/www.bacintl.com\/es\/wp-json\/wp\/v2\/types\/product"}],"wp:featuredmedia":[{"embeddable":true,"href":"https:\/\/www.bacintl.com\/es\/wp-json\/wp\/v2\/media\/3450"}],"wp:attachment":[{"href":"https:\/\/www.bacintl.com\/es\/wp-json\/wp\/v2\/media?parent=3449"}],"wp:term":[{"taxonomy":"product_brand","embeddable":true,"href":"https:\/\/www.bacintl.com\/es\/wp-json\/wp\/v2\/product_brand?post=3449"},{"taxonomy":"product_cat","embeddable":true,"href":"https:\/\/www.bacintl.com\/es\/wp-json\/wp\/v2\/product_cat?post=3449"},{"taxonomy":"product_tag","embeddable":true,"href":"https:\/\/www.bacintl.com\/es\/wp-json\/wp\/v2\/product_tag?post=3449"}],"curies":[{"name":"wp","href":"https:\/\/api.w.org\/{rel}","templated":true}]}}