{"id":3445,"date":"2024-12-12T16:44:11","date_gmt":"2024-12-12T08:44:11","guid":{"rendered":"https:\/\/www.bacintl.com\/?post_type=product&#038;p=3445"},"modified":"2025-07-24T14:30:44","modified_gmt":"2025-07-24T06:30:44","slug":"modular-cleanroom","status":"publish","type":"product","link":"https:\/\/www.bacintl.com\/es\/modular-cleanroom\/","title":{"rendered":"Sala blanca modular"},"content":{"rendered":"<p>Una sala blanca modular es una sala especialmente dise\u00f1ada que elimina contaminantes como part\u00edculas, aire nocivo y bacterias del aire dentro del espacio ambiental correspondiente, y controla la temperatura interior, la limpieza, la presi\u00f3n interior, la velocidad y distribuci\u00f3n del flujo de aire, la vibraci\u00f3n ac\u00fastica, la iluminaci\u00f3n y la electricidad est\u00e1tica dentro de un determinado rango requerido.<\/p>","protected":false},"excerpt":{"rendered":"<p>Una sala blanca modular es un entorno controlado independiente, construido con paredes de paneles s\u00f3lidos y que ofrece una f\u00e1cil movilidad o reconfiguraci\u00f3n.<\/p>","protected":false},"featured_media":3448,"template":"","meta":{"_acf_changed":false},"product_brand":[],"product_cat":[86],"product_tag":[104],"class_list":{"0":"post-3445","1":"product","2":"type-product","3":"status-publish","4":"has-post-thumbnail","6":"product_cat-modular-cleanroom-modular-cleanroom","7":"product_tag-home-modular-cleanroom","9":"first","10":"instock","11":"shipping-taxable","12":"product-type-simple"},"acf":[],"_links":{"self":[{"href":"https:\/\/www.bacintl.com\/es\/wp-json\/wp\/v2\/product\/3445","targetHints":{"allow":["GET"]}}],"collection":[{"href":"https:\/\/www.bacintl.com\/es\/wp-json\/wp\/v2\/product"}],"about":[{"href":"https:\/\/www.bacintl.com\/es\/wp-json\/wp\/v2\/types\/product"}],"wp:featuredmedia":[{"embeddable":true,"href":"https:\/\/www.bacintl.com\/es\/wp-json\/wp\/v2\/media\/3448"}],"wp:attachment":[{"href":"https:\/\/www.bacintl.com\/es\/wp-json\/wp\/v2\/media?parent=3445"}],"wp:term":[{"taxonomy":"product_brand","embeddable":true,"href":"https:\/\/www.bacintl.com\/es\/wp-json\/wp\/v2\/product_brand?post=3445"},{"taxonomy":"product_cat","embeddable":true,"href":"https:\/\/www.bacintl.com\/es\/wp-json\/wp\/v2\/product_cat?post=3445"},{"taxonomy":"product_tag","embeddable":true,"href":"https:\/\/www.bacintl.com\/es\/wp-json\/wp\/v2\/product_tag?post=3445"}],"curies":[{"name":"wp","href":"https:\/\/api.w.org\/{rel}","templated":true}]}}