{"id":3432,"date":"2024-12-12T16:30:40","date_gmt":"2024-12-12T08:30:40","guid":{"rendered":"https:\/\/www.bacintl.com\/?post_type=product&#038;p=3432"},"modified":"2025-02-13T14:56:59","modified_gmt":"2025-02-13T06:56:59","slug":"medium-efficiency-exhaust-box","status":"publish","type":"product","link":"https:\/\/www.bacintl.com\/es\/medium-efficiency-exhaust-box\/","title":{"rendered":"Caja de escape de eficacia media"},"content":{"rendered":"<p>La caja del ventilador de extracci\u00f3n con filtro de eficiencia media tambi\u00e9n se denomina caja del ventilador primario y de eficiencia media. Es el equipo de suministro y escape de aire del sistema de aire acondicionado. Puede filtrar el gas contaminado en la habitaci\u00f3n y descargarlo al exterior. Se utiliza para presurizar y filtrar el suministro de aire. Es uno de los mejores dispositivos de purificaci\u00f3n de aire de filtraci\u00f3n primaria, media y (alta) eficiencia en la sala limpia. La caja del ventilador de escape con filtro de eficiencia media tambi\u00e9n tiene las funciones de filtrado y suministro de aire, f\u00e1cil instalaci\u00f3n, uso conveniente, estructura razonable y otras ventajas. Tiene un buen efecto en la mejora de las condiciones del proceso, la mejora de la calidad del producto y la tasa de rendimiento. Se utiliza ampliamente en sistemas de purificaci\u00f3n de aire en la industria farmac\u00e9utica, m\u00e9dica, alimentaria, electr\u00f3nica, qu\u00edmica fina, instrumentos de precisi\u00f3n y otras industrias, as\u00ed como en el suministro y escape de aire de sistemas de aire acondicionado de confort general.<\/p>","protected":false},"excerpt":{"rendered":"<p>La caja de extracci\u00f3n de eficiencia media es un dispositivo utilizado para proporcionar la purificaci\u00f3n del aire interior. El fuelle del filtro tiene un ventilador de suministro y escape incorporado para suprimir los cambios de temperatura ambiente, mantener suficiente aire fresco en el interior, lograr el prop\u00f3sito de la purificaci\u00f3n del aire interior y garantizar la salud del aire interior.<\/p>","protected":false},"featured_media":3969,"template":"","meta":{"_acf_changed":false},"product_brand":[],"product_cat":[66],"product_tag":[],"class_list":{"0":"post-3432","1":"product","2":"type-product","3":"status-publish","4":"has-post-thumbnail","6":"product_cat-air-filter-box","8":"first","9":"instock","10":"shipping-taxable","11":"product-type-simple"},"acf":[],"_links":{"self":[{"href":"https:\/\/www.bacintl.com\/es\/wp-json\/wp\/v2\/product\/3432","targetHints":{"allow":["GET"]}}],"collection":[{"href":"https:\/\/www.bacintl.com\/es\/wp-json\/wp\/v2\/product"}],"about":[{"href":"https:\/\/www.bacintl.com\/es\/wp-json\/wp\/v2\/types\/product"}],"wp:featuredmedia":[{"embeddable":true,"href":"https:\/\/www.bacintl.com\/es\/wp-json\/wp\/v2\/media\/3969"}],"wp:attachment":[{"href":"https:\/\/www.bacintl.com\/es\/wp-json\/wp\/v2\/media?parent=3432"}],"wp:term":[{"taxonomy":"product_brand","embeddable":true,"href":"https:\/\/www.bacintl.com\/es\/wp-json\/wp\/v2\/product_brand?post=3432"},{"taxonomy":"product_cat","embeddable":true,"href":"https:\/\/www.bacintl.com\/es\/wp-json\/wp\/v2\/product_cat?post=3432"},{"taxonomy":"product_tag","embeddable":true,"href":"https:\/\/www.bacintl.com\/es\/wp-json\/wp\/v2\/product_tag?post=3432"}],"curies":[{"name":"wp","href":"https:\/\/api.w.org\/{rel}","templated":true}]}}