{"id":3430,"date":"2024-12-12T16:29:17","date_gmt":"2024-12-12T08:29:17","guid":{"rendered":"https:\/\/www.bacintl.com\/?post_type=product&#038;p=3430"},"modified":"2025-02-13T14:44:34","modified_gmt":"2025-02-13T06:44:34","slug":"fresh-air-pressurized-cabinet","status":"publish","type":"product","link":"https:\/\/www.bacintl.com\/es\/fresh-air-pressurized-cabinet\/","title":{"rendered":"Armario presurizado de aire fresco"},"content":{"rendered":"<p>La cabina de aire fresco se utiliza ampliamente en los sistemas de ventilaci\u00f3n de edificios civiles debido a su estructura flexible y compacta, bajo nivel de ruido, funcionamiento estable, buena capacidad de ajuste del volumen de aire y la presi\u00f3n, y larga vida \u00fatil. Tambi\u00e9n pueden utilizarse en el suministro de aire a presi\u00f3n contra incendios de edificios, suministro de aire a presi\u00f3n de acondicionadores de aire de purificaci\u00f3n, etc. Son equipos de purificaci\u00f3n de aire muy eficaces.<\/p>","protected":false},"excerpt":{"rendered":"<p>La cabina de aire fresco tiene un buen rendimiento de sellado, est\u00e1 conectada al conducto de aire y est\u00e1 equipada con un filtro profesional. La cabina de aire fresco realiza una filtraci\u00f3n primaria del aire fresco para garantizar que el aire que entra en la habitaci\u00f3n es fresco y limpio.<\/p>","protected":false},"featured_media":3961,"template":"","meta":{"_acf_changed":false},"product_brand":[],"product_cat":[66],"product_tag":[112,108],"class_list":{"0":"post-3430","1":"product","2":"type-product","3":"status-publish","4":"has-post-thumbnail","6":"product_cat-air-filter-box","7":"product_tag-solution-animal-husbandry","8":"product_tag-solution-microelectronics","10":"first","11":"instock","12":"shipping-taxable","13":"product-type-simple"},"acf":[],"_links":{"self":[{"href":"https:\/\/www.bacintl.com\/es\/wp-json\/wp\/v2\/product\/3430","targetHints":{"allow":["GET"]}}],"collection":[{"href":"https:\/\/www.bacintl.com\/es\/wp-json\/wp\/v2\/product"}],"about":[{"href":"https:\/\/www.bacintl.com\/es\/wp-json\/wp\/v2\/types\/product"}],"wp:featuredmedia":[{"embeddable":true,"href":"https:\/\/www.bacintl.com\/es\/wp-json\/wp\/v2\/media\/3961"}],"wp:attachment":[{"href":"https:\/\/www.bacintl.com\/es\/wp-json\/wp\/v2\/media?parent=3430"}],"wp:term":[{"taxonomy":"product_brand","embeddable":true,"href":"https:\/\/www.bacintl.com\/es\/wp-json\/wp\/v2\/product_brand?post=3430"},{"taxonomy":"product_cat","embeddable":true,"href":"https:\/\/www.bacintl.com\/es\/wp-json\/wp\/v2\/product_cat?post=3430"},{"taxonomy":"product_tag","embeddable":true,"href":"https:\/\/www.bacintl.com\/es\/wp-json\/wp\/v2\/product_tag?post=3430"}],"curies":[{"name":"wp","href":"https:\/\/api.w.org\/{rel}","templated":true}]}}