{"id":3428,"date":"2024-12-12T16:28:18","date_gmt":"2024-12-12T08:28:18","guid":{"rendered":"https:\/\/www.bacintl.com\/?post_type=product&#038;p=3428"},"modified":"2025-07-24T10:37:35","modified_gmt":"2025-07-24T02:37:35","slug":"air-purifier","status":"publish","type":"product","link":"https:\/\/www.bacintl.com\/es\/air-purifier\/","title":{"rendered":"Purificador de aire"},"content":{"rendered":"<p>Suele estar compuesto por un circuito de alta tensi\u00f3n generador de iones negativos, un microventilador, un filtro de aire y otros sistemas. Se utilizan mucho en laboratorios, salas de ordenadores y otros lugares donde se requiere purificar el aire, y son muy beneficiosos para mejorar la calidad del aire interior.<\/p>\n<p>La carcasa es de chapa de acero laminada en fr\u00edo o de acero inoxidable, y consta de un ventilador, un filtro primario, una caja de presi\u00f3n est\u00e1tica para el suministro de aire, un filtro de alta eficiencia y una placa de flujo. Est\u00e1 equipado con una velocidad del viento regulable, que puede ajustarse en funci\u00f3n de las condiciones reales. El nivel de purificaci\u00f3n de la salida de aire puede alcanzar los 100 niveles.<\/p>\n<p>La parte inferior puede ir provista de ruedas m\u00f3viles, por lo que tambi\u00e9n puede denominarse autolimpiadora m\u00f3vil. Puede desplazarse a la posici\u00f3n deseada y luego fijarse como se desee. Es flexible y c\u00f3modo de usar. Adopta un sistema de ventilador de volumen de aire variable con regulaci\u00f3n de varias velocidades y selecci\u00f3n de cada velocidad para garantizar que la velocidad del viento en el \u00e1rea de trabajo local est\u00e9 siempre en un estado ideal.<\/p>","protected":false},"excerpt":{"rendered":"<p>Elimina los contaminantes del aire para crear un ambiente de aire limpio en el interior de la regi\u00f3n.<\/p>","protected":false},"featured_media":3429,"template":"","meta":{"_acf_changed":false},"product_brand":[],"product_cat":[65],"product_tag":[],"class_list":{"0":"post-3428","1":"product","2":"type-product","3":"status-publish","4":"has-post-thumbnail","6":"product_cat-air-purifier-catalog","8":"first","9":"instock","10":"shipping-taxable","11":"product-type-simple"},"acf":[],"_links":{"self":[{"href":"https:\/\/www.bacintl.com\/es\/wp-json\/wp\/v2\/product\/3428","targetHints":{"allow":["GET"]}}],"collection":[{"href":"https:\/\/www.bacintl.com\/es\/wp-json\/wp\/v2\/product"}],"about":[{"href":"https:\/\/www.bacintl.com\/es\/wp-json\/wp\/v2\/types\/product"}],"wp:featuredmedia":[{"embeddable":true,"href":"https:\/\/www.bacintl.com\/es\/wp-json\/wp\/v2\/media\/3429"}],"wp:attachment":[{"href":"https:\/\/www.bacintl.com\/es\/wp-json\/wp\/v2\/media?parent=3428"}],"wp:term":[{"taxonomy":"product_brand","embeddable":true,"href":"https:\/\/www.bacintl.com\/es\/wp-json\/wp\/v2\/product_brand?post=3428"},{"taxonomy":"product_cat","embeddable":true,"href":"https:\/\/www.bacintl.com\/es\/wp-json\/wp\/v2\/product_cat?post=3428"},{"taxonomy":"product_tag","embeddable":true,"href":"https:\/\/www.bacintl.com\/es\/wp-json\/wp\/v2\/product_tag?post=3428"}],"curies":[{"name":"wp","href":"https:\/\/api.w.org\/{rel}","templated":true}]}}