{"id":3412,"date":"2024-12-12T16:22:40","date_gmt":"2024-12-12T08:22:40","guid":{"rendered":"https:\/\/www.bacintl.com\/?post_type=product&#038;p=3412"},"modified":"2025-02-12T15:45:30","modified_gmt":"2025-02-12T07:45:30","slug":"activated-carbon-v-bank-filter","status":"publish","type":"product","link":"https:\/\/www.bacintl.com\/es\/activated-carbon-v-bank-filter\/","title":{"rendered":"Filtro de carb\u00f3n activado V Bank"},"content":{"rendered":"<p>Es un dispositivo de filtraci\u00f3n de aire de alta eficacia que puede eliminar los gases contaminantes del aire. Tambi\u00e9n se denomina filtro de carb\u00f3n activado o filtro de aire qu\u00edmico. La diferencia con un filtro de aire general es que utiliza carb\u00f3n activado como principal material filtrante, que puede absorber y eliminar sustancias nocivas como gases t\u00f3xicos, olores y gases corrosivos en el aire. Debido a la funci\u00f3n especial del filtro qu\u00edmico plano, puede mejorar eficazmente la calidad del aire interior, proteger la salud de las personas y mejorar la calidad del producto.<\/p>","protected":false},"excerpt":{"rendered":"<p>El carb\u00f3n activo puede eliminar compuestos org\u00e1nicos vol\u00e1tiles, olores y otros contaminantes gaseosos del aire debido a sus propiedades especiales. Y el filtro de Carb\u00f3n Activo V bank es mucho m\u00e1s eficiente cuando elimina los contaminantes y olores de interior a altos caudales de aire. Libera millones de peque\u00f1os poros en la estructura del grano de carbono por el ox\u00edgeno, y mejorar la capacidad del carb\u00f3n activado para capturar m\u00e1s sustancias.<\/p>","protected":false},"featured_media":3942,"template":"","meta":{"_acf_changed":false},"product_brand":[],"product_cat":[64],"product_tag":[113],"class_list":{"0":"post-3412","1":"product","2":"type-product","3":"status-publish","4":"has-post-thumbnail","6":"product_cat-activated-carbon-filter","7":"product_tag-laboratory","9":"first","10":"instock","11":"shipping-taxable","12":"product-type-simple"},"acf":[],"_links":{"self":[{"href":"https:\/\/www.bacintl.com\/es\/wp-json\/wp\/v2\/product\/3412","targetHints":{"allow":["GET"]}}],"collection":[{"href":"https:\/\/www.bacintl.com\/es\/wp-json\/wp\/v2\/product"}],"about":[{"href":"https:\/\/www.bacintl.com\/es\/wp-json\/wp\/v2\/types\/product"}],"wp:featuredmedia":[{"embeddable":true,"href":"https:\/\/www.bacintl.com\/es\/wp-json\/wp\/v2\/media\/3942"}],"wp:attachment":[{"href":"https:\/\/www.bacintl.com\/es\/wp-json\/wp\/v2\/media?parent=3412"}],"wp:term":[{"taxonomy":"product_brand","embeddable":true,"href":"https:\/\/www.bacintl.com\/es\/wp-json\/wp\/v2\/product_brand?post=3412"},{"taxonomy":"product_cat","embeddable":true,"href":"https:\/\/www.bacintl.com\/es\/wp-json\/wp\/v2\/product_cat?post=3412"},{"taxonomy":"product_tag","embeddable":true,"href":"https:\/\/www.bacintl.com\/es\/wp-json\/wp\/v2\/product_tag?post=3412"}],"curies":[{"name":"wp","href":"https:\/\/api.w.org\/{rel}","templated":true}]}}