{"id":3383,"date":"2024-12-12T16:10:41","date_gmt":"2024-12-12T08:10:41","guid":{"rendered":"https:\/\/www.bacintl.com\/?post_type=product&#038;p=3383"},"modified":"2025-02-12T14:31:20","modified_gmt":"2025-02-12T06:31:20","slug":"paper-frame-pleat-filter","status":"publish","type":"product","link":"https:\/\/www.bacintl.com\/es\/paper-frame-pleat-filter\/","title":{"rendered":"Filtro de pliegues con marco de papel"},"content":{"rendered":"<p>Se compone principalmente de un marco exterior, material filtrante y red protectora. El marco exterior suele ser de cart\u00f3n. El material filtrante suele ser un material de fibra sint\u00e9tica, como tela no tejida y tela de fibra qu\u00edmica, que se pliega en el marco exterior. La red protectora suele ser de malla soldada galvanizada, malla de aluminio o malla de acero inoxidable, que se fija a la superficie de salida de aire del material filtrante.<\/p>","protected":false},"excerpt":{"rendered":"<p>Adecuado para la filtraci\u00f3n primaria de sistemas de aire acondicionado, utilizado principalmente para filtrar part\u00edculas de polvo mayores de 5\u03bcm.<\/p>","protected":false},"featured_media":3910,"template":"","meta":{"_acf_changed":false},"product_brand":[],"product_cat":[60],"product_tag":[],"class_list":{"0":"post-3383","1":"product","2":"type-product","3":"status-publish","4":"has-post-thumbnail","6":"product_cat-pleat-filter-catalog","8":"first","9":"instock","10":"shipping-taxable","11":"product-type-simple"},"acf":[],"_links":{"self":[{"href":"https:\/\/www.bacintl.com\/es\/wp-json\/wp\/v2\/product\/3383","targetHints":{"allow":["GET"]}}],"collection":[{"href":"https:\/\/www.bacintl.com\/es\/wp-json\/wp\/v2\/product"}],"about":[{"href":"https:\/\/www.bacintl.com\/es\/wp-json\/wp\/v2\/types\/product"}],"wp:featuredmedia":[{"embeddable":true,"href":"https:\/\/www.bacintl.com\/es\/wp-json\/wp\/v2\/media\/3910"}],"wp:attachment":[{"href":"https:\/\/www.bacintl.com\/es\/wp-json\/wp\/v2\/media?parent=3383"}],"wp:term":[{"taxonomy":"product_brand","embeddable":true,"href":"https:\/\/www.bacintl.com\/es\/wp-json\/wp\/v2\/product_brand?post=3383"},{"taxonomy":"product_cat","embeddable":true,"href":"https:\/\/www.bacintl.com\/es\/wp-json\/wp\/v2\/product_cat?post=3383"},{"taxonomy":"product_tag","embeddable":true,"href":"https:\/\/www.bacintl.com\/es\/wp-json\/wp\/v2\/product_tag?post=3383"}],"curies":[{"name":"wp","href":"https:\/\/api.w.org\/{rel}","templated":true}]}}