{"id":3365,"date":"2024-12-12T16:02:39","date_gmt":"2024-12-12T08:02:39","guid":{"rendered":"https:\/\/www.bacintl.com\/?post_type=product&#038;p=3365"},"modified":"2025-02-12T13:44:37","modified_gmt":"2025-02-12T05:44:37","slug":"panel-filter","status":"publish","type":"product","link":"https:\/\/www.bacintl.com\/es\/panel-filter\/","title":{"rendered":"Filtro de panel"},"content":{"rendered":"<p>El marco exterior del filtro primario plano adopta un marco de aleaci\u00f3n de aluminio de placa s\u00f3lida con esquinas de aleaci\u00f3n de aluminio o esquinas de pl\u00e1stico. La estructura es s\u00f3lida y estable, y se a\u00f1ade una red protectora en forma de diamante en la superficie de salida de aire para garantizar que el filtro no se deforme ni se da\u00f1e incluso en un entorno de trabajo deficiente. El marco exterior adopta un dise\u00f1o desmontable para facilitar la sustituci\u00f3n de los materiales filtrantes y lograr el prop\u00f3sito de reutilizaci\u00f3n del marco.<\/p>","protected":false},"excerpt":{"rendered":"<p>Alta resistencia, gran volumen de aire, peque\u00f1a resistencia, gran capacidad de polvo.<\/p>","protected":false},"featured_media":3880,"template":"","meta":{"_acf_changed":false},"product_brand":[],"product_cat":[59],"product_tag":[113,112,105,111,107,110],"class_list":{"0":"post-3365","1":"product","2":"type-product","3":"status-publish","4":"has-post-thumbnail","6":"product_cat-panel-filter-catalog","7":"product_tag-laboratory","8":"product_tag-solution-animal-husbandry","9":"product_tag-solution-biopharmaceuticals","10":"product_tag-solution-food-beverage","11":"product_tag-solution-healthcare","12":"product_tag-solution-new-energy","14":"first","15":"instock","16":"shipping-taxable","17":"product-type-simple"},"acf":[],"_links":{"self":[{"href":"https:\/\/www.bacintl.com\/es\/wp-json\/wp\/v2\/product\/3365","targetHints":{"allow":["GET"]}}],"collection":[{"href":"https:\/\/www.bacintl.com\/es\/wp-json\/wp\/v2\/product"}],"about":[{"href":"https:\/\/www.bacintl.com\/es\/wp-json\/wp\/v2\/types\/product"}],"wp:featuredmedia":[{"embeddable":true,"href":"https:\/\/www.bacintl.com\/es\/wp-json\/wp\/v2\/media\/3880"}],"wp:attachment":[{"href":"https:\/\/www.bacintl.com\/es\/wp-json\/wp\/v2\/media?parent=3365"}],"wp:term":[{"taxonomy":"product_brand","embeddable":true,"href":"https:\/\/www.bacintl.com\/es\/wp-json\/wp\/v2\/product_brand?post=3365"},{"taxonomy":"product_cat","embeddable":true,"href":"https:\/\/www.bacintl.com\/es\/wp-json\/wp\/v2\/product_cat?post=3365"},{"taxonomy":"product_tag","embeddable":true,"href":"https:\/\/www.bacintl.com\/es\/wp-json\/wp\/v2\/product_tag?post=3365"}],"curies":[{"name":"wp","href":"https:\/\/api.w.org\/{rel}","templated":true}]}}