{"id":3357,"date":"2024-12-12T15:58:34","date_gmt":"2024-12-12T07:58:34","guid":{"rendered":"https:\/\/www.bacintl.com\/?post_type=product&#038;p=3357"},"modified":"2025-07-24T11:58:59","modified_gmt":"2025-07-24T03:58:59","slug":"glass-fiber-pocket-filter","status":"publish","type":"product","link":"https:\/\/www.bacintl.com\/es\/glass-fiber-pocket-filter\/","title":{"rendered":"Filtro de bolsillo de fibra de vidrio"},"content":{"rendered":"<p>\u00a0Este material filtrante se divide en cuatro niveles: A, B, C y D. El volumen de aire, la resistencia y la capacidad de retenci\u00f3n de polvo de los productos de filtro de eficiencia media de bolsa de fibra de vidrio fabricados con diferentes niveles de materiales son diferentes. Las bolsas de fibra de vidrio se utilizan ampliamente en la filtraci\u00f3n de entrada de aire HVAC de plantas industriales. En los mercados europeos y americanos, los filtros de bolsa de fibra de vidrio de eficacia media son los materiales filtrantes de las f\u00e1bricas electr\u00f3nicas (especialmente f\u00e1bricas de chips y f\u00e1bricas de paneles de plasma LCD), f\u00e1bricas farmac\u00e9uticas, talleres de pulverizaci\u00f3n y f\u00e1bricas de autom\u00f3viles. Los materiales filtrantes de fibra de vidrio con soporte de tela no tejida de poli\u00e9ster (B2) pueden soportar altas temperaturas de 120 grados cent\u00edgrados. Los materiales filtrantes de fibra de vidrio con soporte de tela de malla de fibra de vidrio (B1) pueden soportar temperaturas m\u00e1s altas.<\/p>","protected":false},"excerpt":{"rendered":"<p>Tiene las ventajas de gran capacidad de retenci\u00f3n de polvo, gran volumen de aire, peque\u00f1a resistencia y puede limpiarse repetidamente.<\/p>","protected":false},"featured_media":3856,"template":"","meta":{"_acf_changed":false},"product_brand":[],"product_cat":[58],"product_tag":[113,107],"class_list":{"0":"post-3357","1":"product","2":"type-product","3":"status-publish","4":"has-post-thumbnail","6":"product_cat-pocket-filter","7":"product_tag-laboratory","8":"product_tag-solution-healthcare","10":"first","11":"instock","12":"shipping-taxable","13":"product-type-simple"},"acf":[],"_links":{"self":[{"href":"https:\/\/www.bacintl.com\/es\/wp-json\/wp\/v2\/product\/3357","targetHints":{"allow":["GET"]}}],"collection":[{"href":"https:\/\/www.bacintl.com\/es\/wp-json\/wp\/v2\/product"}],"about":[{"href":"https:\/\/www.bacintl.com\/es\/wp-json\/wp\/v2\/types\/product"}],"wp:featuredmedia":[{"embeddable":true,"href":"https:\/\/www.bacintl.com\/es\/wp-json\/wp\/v2\/media\/3856"}],"wp:attachment":[{"href":"https:\/\/www.bacintl.com\/es\/wp-json\/wp\/v2\/media?parent=3357"}],"wp:term":[{"taxonomy":"product_brand","embeddable":true,"href":"https:\/\/www.bacintl.com\/es\/wp-json\/wp\/v2\/product_brand?post=3357"},{"taxonomy":"product_cat","embeddable":true,"href":"https:\/\/www.bacintl.com\/es\/wp-json\/wp\/v2\/product_cat?post=3357"},{"taxonomy":"product_tag","embeddable":true,"href":"https:\/\/www.bacintl.com\/es\/wp-json\/wp\/v2\/product_tag?post=3357"}],"curies":[{"name":"wp","href":"https:\/\/api.w.org\/{rel}","templated":true}]}}