{"id":3356,"date":"2024-12-12T15:57:42","date_gmt":"2024-12-12T07:57:42","guid":{"rendered":"https:\/\/www.bacintl.com\/?post_type=product&#038;p=3356"},"modified":"2025-07-24T13:42:05","modified_gmt":"2025-07-24T05:42:05","slug":"synthetic-fiber-pocket-filter","status":"publish","type":"product","link":"https:\/\/www.bacintl.com\/es\/synthetic-fiber-pocket-filter\/","title":{"rendered":"Filtro de bolsillo de fibra sint\u00e9tica"},"content":{"rendered":"<p>Es el tipo de filtro de eficacia media m\u00e1s utilizado y suele emplearse en la posici\u00f3n intermedia de la unidad de aire fresco de aire acondicionado limpio para proteger el extremo del filtro intermedio del filtro de alta eficacia. Su material filtrante est\u00e1 hecho principalmente de tela no tejida de fibra sint\u00e9tica (fibra qu\u00edmica).<\/p>","protected":false},"excerpt":{"rendered":"<p>Tiene las ventajas de gran capacidad de retenci\u00f3n de polvo, gran volumen de aire, peque\u00f1a resistencia y puede limpiarse repetidamente.<\/p>","protected":false},"featured_media":3851,"template":"","meta":{"_acf_changed":false},"product_brand":[],"product_cat":[58],"product_tag":[113,107],"class_list":{"0":"post-3356","1":"product","2":"type-product","3":"status-publish","4":"has-post-thumbnail","6":"product_cat-pocket-filter","7":"product_tag-laboratory","8":"product_tag-solution-healthcare","10":"first","11":"instock","12":"shipping-taxable","13":"product-type-simple"},"acf":[],"_links":{"self":[{"href":"https:\/\/www.bacintl.com\/es\/wp-json\/wp\/v2\/product\/3356","targetHints":{"allow":["GET"]}}],"collection":[{"href":"https:\/\/www.bacintl.com\/es\/wp-json\/wp\/v2\/product"}],"about":[{"href":"https:\/\/www.bacintl.com\/es\/wp-json\/wp\/v2\/types\/product"}],"wp:featuredmedia":[{"embeddable":true,"href":"https:\/\/www.bacintl.com\/es\/wp-json\/wp\/v2\/media\/3851"}],"wp:attachment":[{"href":"https:\/\/www.bacintl.com\/es\/wp-json\/wp\/v2\/media?parent=3356"}],"wp:term":[{"taxonomy":"product_brand","embeddable":true,"href":"https:\/\/www.bacintl.com\/es\/wp-json\/wp\/v2\/product_brand?post=3356"},{"taxonomy":"product_cat","embeddable":true,"href":"https:\/\/www.bacintl.com\/es\/wp-json\/wp\/v2\/product_cat?post=3356"},{"taxonomy":"product_tag","embeddable":true,"href":"https:\/\/www.bacintl.com\/es\/wp-json\/wp\/v2\/product_tag?post=3356"}],"curies":[{"name":"wp","href":"https:\/\/api.w.org\/{rel}","templated":true}]}}