{"id":3339,"date":"2024-12-12T15:45:19","date_gmt":"2024-12-12T07:45:19","guid":{"rendered":"https:\/\/www.bacintl.com\/?post_type=product&#038;p=3339"},"modified":"2025-07-29T10:30:24","modified_gmt":"2025-07-29T02:30:24","slug":"high-temperature-resistant-pleat-filter","status":"publish","type":"product","link":"https:\/\/www.bacintl.com\/es\/high-temperature-resistant-pleat-filter\/","title":{"rendered":"Filtro de pliegues resistente a altas temperaturas"},"content":{"rendered":"<p>El filtro plisado de alta resistencia al calor est\u00e1 dise\u00f1ado para soportar altas temperaturas a la vez que filtra eficazmente el aire. Su exclusivo dise\u00f1o plisado proporciona una mayor superficie para una filtraci\u00f3n eficaz y una mayor vida \u00fatil del filtro. Este filtro se utiliza habitualmente en entornos industriales, como plantas de fabricaci\u00f3n e instalaciones de procesamiento, donde hay altas temperaturas. Captura y elimina eficazmente las part\u00edculas suspendidas en el aire, incluido el polvo, el polen y los contaminantes, garantizando un aire m\u00e1s limpio y un entorno m\u00e1s saludable.<\/p>\n<p>Los filtros de alta temperatura utilizan los medios de filtro de doble cara que se pliega por galvanizar malla de alambre o malla de acero inoxidable, y tiene una buena resistencia., como resultado de esto, el material de los medios de comunicaci\u00f3n no es f\u00e1cil de ser soplado broken.These filtros est\u00e1n hechos de componentes especiales que pueden garantizar los filtros para mantener su forma y funci\u00f3n bien a temperaturas extremadamente altas.They son ampliamente utilizados en los requisitos de alto fuego y el medio ambiente de alta temperatura de ventilaci\u00f3n filtro final del sistema.<\/p>","protected":false},"excerpt":{"rendered":"<p>Gran volumen de aire, baja resistencia, baja absorci\u00f3n de humedad y la temperatura de funcionamiento es de hasta 300 grados cent\u00edgrados.<\/p>","protected":false},"featured_media":4166,"template":"","meta":{"_acf_changed":false},"product_brand":[],"product_cat":[55],"product_tag":[],"class_list":{"0":"post-3339","1":"product","2":"type-product","3":"status-publish","4":"has-post-thumbnail","6":"product_cat-high-temperature-resistance-air-filter","8":"first","9":"instock","10":"shipping-taxable","11":"product-type-simple"},"acf":[],"_links":{"self":[{"href":"https:\/\/www.bacintl.com\/es\/wp-json\/wp\/v2\/product\/3339","targetHints":{"allow":["GET"]}}],"collection":[{"href":"https:\/\/www.bacintl.com\/es\/wp-json\/wp\/v2\/product"}],"about":[{"href":"https:\/\/www.bacintl.com\/es\/wp-json\/wp\/v2\/types\/product"}],"wp:featuredmedia":[{"embeddable":true,"href":"https:\/\/www.bacintl.com\/es\/wp-json\/wp\/v2\/media\/4166"}],"wp:attachment":[{"href":"https:\/\/www.bacintl.com\/es\/wp-json\/wp\/v2\/media?parent=3339"}],"wp:term":[{"taxonomy":"product_brand","embeddable":true,"href":"https:\/\/www.bacintl.com\/es\/wp-json\/wp\/v2\/product_brand?post=3339"},{"taxonomy":"product_cat","embeddable":true,"href":"https:\/\/www.bacintl.com\/es\/wp-json\/wp\/v2\/product_cat?post=3339"},{"taxonomy":"product_tag","embeddable":true,"href":"https:\/\/www.bacintl.com\/es\/wp-json\/wp\/v2\/product_tag?post=3339"}],"curies":[{"name":"wp","href":"https:\/\/api.w.org\/{rel}","templated":true}]}}