{"id":3334,"date":"2024-12-12T15:43:07","date_gmt":"2024-12-12T07:43:07","guid":{"rendered":"https:\/\/www.bacintl.com\/?post_type=product&#038;p=3334"},"modified":"2025-07-24T09:48:14","modified_gmt":"2025-07-24T01:48:14","slug":"150-high-temperature-resistant-hepa-filter","status":"publish","type":"product","link":"https:\/\/www.bacintl.com\/es\/150-high-temperature-resistant-hepa-filter\/","title":{"rendered":"Filtro Hepa resistente a altas temperaturas 150"},"content":{"rendered":"<p>Puede eliminar part\u00edculas de polvo de 0,3 micras por debajo del volumen de aire nominal. Estos filtros est\u00e1n fabricados con componentes especiales que pueden garantizar que los filtros conserven su forma y funcionen bien durante mucho tiempo a temperaturas extremadamente altas. Adem\u00e1s, el material filtrante tiene dos hendiduras cuando se dobla, por lo que se puede plegar en forma de cu\u00f1a al final de la partici\u00f3n para evitar da\u00f1os en el material filtrante. Son ampliamente utilizados en los requisitos de alto fuego y alta temperatura del filtro final del sistema de ventilaci\u00f3n del medio ambiente.<\/p>","protected":false},"excerpt":{"rendered":"<p>Alta eficacia de filtraci\u00f3n, baja resistencia y buena resistencia a altas temperaturas.<\/p>","protected":false},"featured_media":3806,"template":"","meta":{"_acf_changed":false},"product_brand":[],"product_cat":[55],"product_tag":[110],"class_list":{"0":"post-3334","1":"product","2":"type-product","3":"status-publish","4":"has-post-thumbnail","6":"product_cat-high-temperature-resistance-air-filter","7":"product_tag-solution-new-energy","9":"first","10":"instock","11":"shipping-taxable","12":"product-type-simple"},"acf":[],"_links":{"self":[{"href":"https:\/\/www.bacintl.com\/es\/wp-json\/wp\/v2\/product\/3334","targetHints":{"allow":["GET"]}}],"collection":[{"href":"https:\/\/www.bacintl.com\/es\/wp-json\/wp\/v2\/product"}],"about":[{"href":"https:\/\/www.bacintl.com\/es\/wp-json\/wp\/v2\/types\/product"}],"wp:featuredmedia":[{"embeddable":true,"href":"https:\/\/www.bacintl.com\/es\/wp-json\/wp\/v2\/media\/3806"}],"wp:attachment":[{"href":"https:\/\/www.bacintl.com\/es\/wp-json\/wp\/v2\/media?parent=3334"}],"wp:term":[{"taxonomy":"product_brand","embeddable":true,"href":"https:\/\/www.bacintl.com\/es\/wp-json\/wp\/v2\/product_brand?post=3334"},{"taxonomy":"product_cat","embeddable":true,"href":"https:\/\/www.bacintl.com\/es\/wp-json\/wp\/v2\/product_cat?post=3334"},{"taxonomy":"product_tag","embeddable":true,"href":"https:\/\/www.bacintl.com\/es\/wp-json\/wp\/v2\/product_tag?post=3334"}],"curies":[{"name":"wp","href":"https:\/\/api.w.org\/{rel}","templated":true}]}}