{"id":3324,"date":"2024-12-12T15:37:03","date_gmt":"2024-12-12T07:37:03","guid":{"rendered":"https:\/\/www.bacintl.com\/?post_type=product&#038;p=3324"},"modified":"2025-07-24T11:52:09","modified_gmt":"2025-07-24T03:52:09","slug":"aluminum-separator-hepa-filter","status":"publish","type":"product","link":"https:\/\/www.bacintl.com\/es\/aluminum-separator-hepa-filter\/","title":{"rendered":"Separador de aluminio Filtro HEPA"},"content":{"rendered":"<p>El filtro de aluminio de alta eficiencia utiliza un dise\u00f1o de partici\u00f3n. La partici\u00f3n corrugada puede mantener con precisi\u00f3n el espacio entre pliegues y maximizar el uso de material de filtro bajo una resistencia m\u00ednima. El material filtrante del filtro de aluminio de alta eficiencia se dobla 180 grados en ambos lados para formar un pliegue en forma de cu\u00f1a. Hay dos hendiduras cuando se dobla el material filtrante, de modo que el material filtrante del filtro de alta eficiencia con tabique de aluminio se abre en un pliegue en forma de cu\u00f1a en el extremo del tabique. El pliegue en forma de cu\u00f1a puede evitar que el material del filtro se da\u00f1e. En un entorno corrosivo, se puede utilizar un tabique chapado en vinilo para capturar part\u00edculas de 0,3um con una eficacia del 99,99%<\/p>","protected":false},"excerpt":{"rendered":"<p>El papel de filtro de fibra de vidrio ultrafino de alto rendimiento como medio filtrante, los materiales filtrantes y las particiones se pliegan y colocan ordenadamente, con gran fuerza, rendimiento fiable, y cada filtro de partici\u00f3n de aluminio de alta eficiencia pasa pruebas eficaces de detecci\u00f3n de fugas y escaneo antes de salir de la f\u00e1brica.<\/p>","protected":false},"featured_media":3783,"template":"","meta":{"_acf_changed":false},"product_brand":[],"product_cat":[54],"product_tag":[107,110],"class_list":{"0":"post-3324","1":"product","2":"type-product","3":"status-publish","4":"has-post-thumbnail","6":"product_cat-separator-air-filter","7":"product_tag-solution-healthcare","8":"product_tag-solution-new-energy","10":"first","11":"instock","12":"shipping-taxable","13":"product-type-simple"},"acf":[],"_links":{"self":[{"href":"https:\/\/www.bacintl.com\/es\/wp-json\/wp\/v2\/product\/3324","targetHints":{"allow":["GET"]}}],"collection":[{"href":"https:\/\/www.bacintl.com\/es\/wp-json\/wp\/v2\/product"}],"about":[{"href":"https:\/\/www.bacintl.com\/es\/wp-json\/wp\/v2\/types\/product"}],"wp:featuredmedia":[{"embeddable":true,"href":"https:\/\/www.bacintl.com\/es\/wp-json\/wp\/v2\/media\/3783"}],"wp:attachment":[{"href":"https:\/\/www.bacintl.com\/es\/wp-json\/wp\/v2\/media?parent=3324"}],"wp:term":[{"taxonomy":"product_brand","embeddable":true,"href":"https:\/\/www.bacintl.com\/es\/wp-json\/wp\/v2\/product_brand?post=3324"},{"taxonomy":"product_cat","embeddable":true,"href":"https:\/\/www.bacintl.com\/es\/wp-json\/wp\/v2\/product_cat?post=3324"},{"taxonomy":"product_tag","embeddable":true,"href":"https:\/\/www.bacintl.com\/es\/wp-json\/wp\/v2\/product_tag?post=3324"}],"curies":[{"name":"wp","href":"https:\/\/api.w.org\/{rel}","templated":true}]}}