{"id":3317,"date":"2024-12-12T15:30:57","date_gmt":"2024-12-12T07:30:57","guid":{"rendered":"https:\/\/www.bacintl.com\/?post_type=product&#038;p=3317"},"modified":"2025-02-11T15:15:49","modified_gmt":"2025-02-11T07:15:49","slug":"knife-edge-mini-pleat-air-filter","status":"publish","type":"product","link":"https:\/\/www.bacintl.com\/es\/knife-edge-mini-pleat-air-filter\/","title":{"rendered":"Filtro de aire Knife-edge Mini Pleat"},"content":{"rendered":"<p>Filtro de alta eficiencia tipo cuchilla sin partici\u00f3n - el filtro de alta eficiencia\/super alta eficiencia tipo cuchilla sin partici\u00f3n adopta un dise\u00f1o \u00fanico de estructura de cuchilla, que tiene un mejor rendimiento de sellado que la estructura de sellado tradicional. Han superado pruebas eficaces de detecci\u00f3n de fugas y escaneado antes de salir de f\u00e1brica. Al tiempo que reduce eficazmente el coste de funcionamiento de la sala blanca, puede satisfacer las ocasiones con mayores requisitos de sellado.<\/p>","protected":false},"excerpt":{"rendered":"<p>El marco de perfil de aluminio est\u00e1 equipado directamente con una estructura de tipo cuchilla de cortina lateral de 40 mm de profundidad, que puede insertarse directamente en el dispositivo de sellado del dep\u00f3sito de l\u00edquido para garantizar un alto grado de sellado.<\/p>","protected":false},"featured_media":3765,"template":"","meta":{"_acf_changed":false},"product_brand":[],"product_cat":[52],"product_tag":[],"class_list":{"0":"post-3317","1":"product","2":"type-product","3":"status-publish","4":"has-post-thumbnail","6":"product_cat-mini-pleat-air-filter","8":"first","9":"instock","10":"shipping-taxable","11":"product-type-simple"},"acf":[],"_links":{"self":[{"href":"https:\/\/www.bacintl.com\/es\/wp-json\/wp\/v2\/product\/3317","targetHints":{"allow":["GET"]}}],"collection":[{"href":"https:\/\/www.bacintl.com\/es\/wp-json\/wp\/v2\/product"}],"about":[{"href":"https:\/\/www.bacintl.com\/es\/wp-json\/wp\/v2\/types\/product"}],"wp:featuredmedia":[{"embeddable":true,"href":"https:\/\/www.bacintl.com\/es\/wp-json\/wp\/v2\/media\/3765"}],"wp:attachment":[{"href":"https:\/\/www.bacintl.com\/es\/wp-json\/wp\/v2\/media?parent=3317"}],"wp:term":[{"taxonomy":"product_brand","embeddable":true,"href":"https:\/\/www.bacintl.com\/es\/wp-json\/wp\/v2\/product_brand?post=3317"},{"taxonomy":"product_cat","embeddable":true,"href":"https:\/\/www.bacintl.com\/es\/wp-json\/wp\/v2\/product_cat?post=3317"},{"taxonomy":"product_tag","embeddable":true,"href":"https:\/\/www.bacintl.com\/es\/wp-json\/wp\/v2\/product_tag?post=3317"}],"curies":[{"name":"wp","href":"https:\/\/api.w.org\/{rel}","templated":true}]}}