{"id":3316,"date":"2024-12-12T15:27:57","date_gmt":"2024-12-12T07:27:57","guid":{"rendered":"https:\/\/www.bacintl.com\/?post_type=product&#038;p=3316"},"modified":"2025-02-11T15:12:18","modified_gmt":"2025-02-11T07:12:18","slug":"high-humidity-resistant-mini-pleat-air-filter","status":"publish","type":"product","link":"https:\/\/www.bacintl.com\/es\/high-humidity-resistant-mini-pleat-air-filter\/","title":{"rendered":"Filtro de aire Mini Pleat resistente a la humedad"},"content":{"rendered":"<p>Por lo general, el material de los medios de comunicaci\u00f3n de la mini-filtro de pliegues es de fibra de vidrio. Y el material de la llama se puede elegir entre aluminio, acero galvanizado y acero inoxidable. Tiene buena elasticidad, ninguna deformaci\u00f3n, ninguna ca\u00edda apagado, y no se escapar\u00e1 el aire cuando est\u00e1 instalado y utilizado. La temperatura m\u00e1xima de funcionamiento es de hasta 70 \u2103, y si usted elige el marco de aluminio, entonces es de menor peso, pero d\u00e9bil resistencia al calor. El filtro HEPA es un tipo de filtro HEPA, que puede eliminar las part\u00edculas m\u00e1s finas. Adopta un medio especial que juega un papel importante en la captura de part\u00edculas peque\u00f1as y grandes con una restricci\u00f3n m\u00ednima del flujo de aire. Tambi\u00e9n tiene algunas ventajas, tales como un peso m\u00e1s ligero, una estructura m\u00e1s compacta y m\u00e1s f\u00e1cil de llevar y as\u00ed sucesivamente.<\/p>","protected":false},"excerpt":{"rendered":"<p>Alta eficiencia, baja resistencia, gran capacidad de retenci\u00f3n de polvo, alta resistencia a la humedad, y se puede utilizar durante mucho tiempo en el entorno 99%RH.<\/p>","protected":false},"featured_media":3759,"template":"","meta":{"_acf_changed":false},"product_brand":[],"product_cat":[52],"product_tag":[112],"class_list":{"0":"post-3316","1":"product","2":"type-product","3":"status-publish","4":"has-post-thumbnail","6":"product_cat-mini-pleat-air-filter","7":"product_tag-solution-animal-husbandry","9":"first","10":"instock","11":"shipping-taxable","12":"product-type-simple"},"acf":[],"_links":{"self":[{"href":"https:\/\/www.bacintl.com\/es\/wp-json\/wp\/v2\/product\/3316","targetHints":{"allow":["GET"]}}],"collection":[{"href":"https:\/\/www.bacintl.com\/es\/wp-json\/wp\/v2\/product"}],"about":[{"href":"https:\/\/www.bacintl.com\/es\/wp-json\/wp\/v2\/types\/product"}],"wp:featuredmedia":[{"embeddable":true,"href":"https:\/\/www.bacintl.com\/es\/wp-json\/wp\/v2\/media\/3759"}],"wp:attachment":[{"href":"https:\/\/www.bacintl.com\/es\/wp-json\/wp\/v2\/media?parent=3316"}],"wp:term":[{"taxonomy":"product_brand","embeddable":true,"href":"https:\/\/www.bacintl.com\/es\/wp-json\/wp\/v2\/product_brand?post=3316"},{"taxonomy":"product_cat","embeddable":true,"href":"https:\/\/www.bacintl.com\/es\/wp-json\/wp\/v2\/product_cat?post=3316"},{"taxonomy":"product_tag","embeddable":true,"href":"https:\/\/www.bacintl.com\/es\/wp-json\/wp\/v2\/product_tag?post=3316"}],"curies":[{"name":"wp","href":"https:\/\/api.w.org\/{rel}","templated":true}]}}