{"id":3155,"date":"2024-09-04T17:51:36","date_gmt":"2024-09-04T09:51:36","guid":{"rendered":"https:\/\/www.bacintl.com\/?post_type=product&#038;p=3155"},"modified":"2025-02-11T15:06:58","modified_gmt":"2025-02-11T07:06:58","slug":"aluminum-frame-mini-pleat-air-filter","status":"publish","type":"product","link":"https:\/\/www.bacintl.com\/es\/aluminum-frame-mini-pleat-air-filter\/","title":{"rendered":"Filtro de aire Mini Pleat con marco de aluminio"},"content":{"rendered":"<p>Por lo general, el material de los medios de comunicaci\u00f3n de la mini-filtro de pliegues es de fibra de vidrio, que se separa con adhesivo termofusible. Y el material de la llama se puede elegir entre aluminio, acero galvanizado y acero inoxidable. Tiene buena elasticidad, no se deforma, no se cae, y no tendr\u00e1 fugas de aire cuando se instala y utiliza. La temperatura m\u00e1xima de funcionamiento es de hasta 70 \u2103, y si usted elige el marco de aluminio, entonces es de menor peso, pero d\u00e9bil resistencia al calor. El filtro HEPA es un tipo de filtro HEPA, que puede eliminar las part\u00edculas m\u00e1s finas. Adopta un medio especial que juega un papel importante en la captura de part\u00edculas peque\u00f1as y grandes con una restricci\u00f3n m\u00ednima del flujo de aire. Tambi\u00e9n tiene algunas ventajas, tales como un peso m\u00e1s ligero, una estructura m\u00e1s compacta y m\u00e1s f\u00e1cil de llevar y as\u00ed sucesivamente.<\/p>","protected":false},"excerpt":{"rendered":"<p>Alta eficiencia que incluye filtro HEPA y filtro ULPA, buen sellado, baja resistencia, larga vida \u00fatil y peso ligero, conveniente y f\u00e1cil de instalar y reemplazar.<\/p>","protected":false},"featured_media":3876,"template":"","meta":{"_acf_changed":false},"product_brand":[],"product_cat":[52],"product_tag":[102,107,108,110],"class_list":{"0":"post-3155","1":"product","2":"type-product","3":"status-publish","4":"has-post-thumbnail","6":"product_cat-mini-pleat-air-filter","7":"product_tag-home-air-filter","8":"product_tag-solution-healthcare","9":"product_tag-solution-microelectronics","10":"product_tag-solution-new-energy","12":"first","13":"instock","14":"shipping-taxable","15":"product-type-simple"},"acf":[],"_links":{"self":[{"href":"https:\/\/www.bacintl.com\/es\/wp-json\/wp\/v2\/product\/3155","targetHints":{"allow":["GET"]}}],"collection":[{"href":"https:\/\/www.bacintl.com\/es\/wp-json\/wp\/v2\/product"}],"about":[{"href":"https:\/\/www.bacintl.com\/es\/wp-json\/wp\/v2\/types\/product"}],"wp:featuredmedia":[{"embeddable":true,"href":"https:\/\/www.bacintl.com\/es\/wp-json\/wp\/v2\/media\/3876"}],"wp:attachment":[{"href":"https:\/\/www.bacintl.com\/es\/wp-json\/wp\/v2\/media?parent=3155"}],"wp:term":[{"taxonomy":"product_brand","embeddable":true,"href":"https:\/\/www.bacintl.com\/es\/wp-json\/wp\/v2\/product_brand?post=3155"},{"taxonomy":"product_cat","embeddable":true,"href":"https:\/\/www.bacintl.com\/es\/wp-json\/wp\/v2\/product_cat?post=3155"},{"taxonomy":"product_tag","embeddable":true,"href":"https:\/\/www.bacintl.com\/es\/wp-json\/wp\/v2\/product_tag?post=3155"}],"curies":[{"name":"wp","href":"https:\/\/api.w.org\/{rel}","templated":true}]}}