{"id":3152,"date":"2024-09-04T17:27:03","date_gmt":"2024-09-04T09:27:03","guid":{"rendered":"https:\/\/www.bacintl.com\/?post_type=product&#038;p=3152"},"modified":"2025-02-11T15:20:59","modified_gmt":"2025-02-11T07:20:59","slug":"top-gel-seal-air-filter","status":"publish","type":"product","link":"https:\/\/www.bacintl.com\/es\/top-gel-seal-air-filter\/","title":{"rendered":"Filtro de aire Top Gel Seal"},"content":{"rendered":"<p>HEPA-GEL es un anti-gravedad, material de sellado de auto-sanaci\u00f3n. Y El filtro HEPA de sello de gel adopta brida de relleno interior de gelatina pegamento y sellado fiable. Gel Seal HEPA filtro de aire utiliza material de microfibra de vidrio como medio de filtro, tanto en el lado de entrada de aire y el lado de salida de aire con alambre fundido proteger malla. Puede eliminar el polvo, el polen, el moho, las bacterias y cualquier part\u00edcula en suspensi\u00f3n en el aire con un tama\u00f1o m\u00ednimo de penetraci\u00f3n de part\u00edculas de 100 nan\u00f3metros (0,1 \u00b5m). Se utiliza ampliamente en la industria farmac\u00e9utica, la sala blanca industrial y la sala blanca biol\u00f3gica, as\u00ed como en otros equipos de purificaci\u00f3n.<\/p>","protected":false},"excerpt":{"rendered":"<p>Detecci\u00f3n de fugas mediante escaneado D.O.P., baja resistencia, alta eficacia, peso ligero, f\u00e1cil instalaci\u00f3n, c\u00f3modo y f\u00e1cil de instalar y sustituir.<\/p>","protected":false},"featured_media":3771,"template":"","meta":{"_acf_changed":false},"product_brand":[],"product_cat":[53],"product_tag":[113,105],"class_list":{"0":"post-3152","1":"product","2":"type-product","3":"status-publish","4":"has-post-thumbnail","6":"product_cat-gel-seal-hepa-filter","7":"product_tag-laboratory","8":"product_tag-solution-biopharmaceuticals","10":"first","11":"instock","12":"shipping-taxable","13":"product-type-simple"},"acf":[],"_links":{"self":[{"href":"https:\/\/www.bacintl.com\/es\/wp-json\/wp\/v2\/product\/3152","targetHints":{"allow":["GET"]}}],"collection":[{"href":"https:\/\/www.bacintl.com\/es\/wp-json\/wp\/v2\/product"}],"about":[{"href":"https:\/\/www.bacintl.com\/es\/wp-json\/wp\/v2\/types\/product"}],"wp:featuredmedia":[{"embeddable":true,"href":"https:\/\/www.bacintl.com\/es\/wp-json\/wp\/v2\/media\/3771"}],"wp:attachment":[{"href":"https:\/\/www.bacintl.com\/es\/wp-json\/wp\/v2\/media?parent=3152"}],"wp:term":[{"taxonomy":"product_brand","embeddable":true,"href":"https:\/\/www.bacintl.com\/es\/wp-json\/wp\/v2\/product_brand?post=3152"},{"taxonomy":"product_cat","embeddable":true,"href":"https:\/\/www.bacintl.com\/es\/wp-json\/wp\/v2\/product_cat?post=3152"},{"taxonomy":"product_tag","embeddable":true,"href":"https:\/\/www.bacintl.com\/es\/wp-json\/wp\/v2\/product_tag?post=3152"}],"curies":[{"name":"wp","href":"https:\/\/api.w.org\/{rel}","templated":true}]}}