{"id":2878,"date":"2024-08-20T11:00:32","date_gmt":"2024-08-20T03:00:32","guid":{"rendered":"https:\/\/www.bacintl.com\/?post_type=product&#038;p=2878"},"modified":"2025-07-24T14:25:36","modified_gmt":"2025-07-24T06:25:36","slug":"clean-booth-product-4","status":"publish","type":"product","link":"https:\/\/www.bacintl.com\/es\/clean-booth-product-4\/","title":{"rendered":"Cabina limpia"},"content":{"rendered":"<p>Se trata de una sala limpia sencilla, de construcci\u00f3n r\u00e1pida y c\u00f3moda. Dispone de una gran variedad de niveles limpios y combinaciones de espacio y puede dise\u00f1arse y fabricarse seg\u00fan los requisitos de uso. Por lo tanto, su uso sencillo, gran flexibilidad, f\u00e1cil instalaci\u00f3n, corto periodo de construcci\u00f3n y portabilidad son sus principales caracter\u00edsticas. Al mismo tiempo, puede a\u00f1adirse localmente a los lugares donde se requiere un alto nivel de limpieza en el nivel general de salas limpias para reducir costes. Es un equipo de purificaci\u00f3n de aire que puede proporcionar un entorno local de alta limpieza. Se compone principalmente de una caja, un ventilador, un filtro de aire primario, una capa de amortiguaci\u00f3n, l\u00e1mparas, etc., y la carcasa exterior est\u00e1 rociada con pl\u00e1stico. El producto puede suspenderse o apoyarse en el suelo, con una estructura compacta y f\u00e1cil de usar. Puede utilizarse solo o conectado en m\u00faltiplos para formar un \u00e1rea limpia s\u00f3lida.<\/p>","protected":false},"excerpt":{"rendered":"<p>Cabina limpia es un equipo de purificaci\u00f3n de aire local para proporcionar un ambiente limpio de alta, es una sala limpia que el m\u00e1s r\u00e1pido y f\u00e1cil de crear.<\/p>\n<p>Se compone principalmente de gabinete, ventilador, prefiltro y filtro HEPA, capa de amortiguaci\u00f3n, l\u00e1mparas y otros componentes, no s\u00f3lo puede ser suspendido, sino tambi\u00e9n ser el apoyo en tierra, estructura compacta, f\u00e1cil de usar. Puede utilizar conexiones simples o m\u00faltiples para componer el \u00e1rea limpia en bandas.<\/p>","protected":false},"featured_media":3442,"template":"","meta":{"_acf_changed":false},"product_brand":[],"product_cat":[85],"product_tag":[104],"class_list":{"0":"post-2878","1":"product","2":"type-product","3":"status-publish","4":"has-post-thumbnail","6":"product_cat-clean-booth","7":"product_tag-home-modular-cleanroom","9":"first","10":"instock","11":"shipping-taxable","12":"product-type-simple"},"acf":[],"_links":{"self":[{"href":"https:\/\/www.bacintl.com\/es\/wp-json\/wp\/v2\/product\/2878","targetHints":{"allow":["GET"]}}],"collection":[{"href":"https:\/\/www.bacintl.com\/es\/wp-json\/wp\/v2\/product"}],"about":[{"href":"https:\/\/www.bacintl.com\/es\/wp-json\/wp\/v2\/types\/product"}],"wp:featuredmedia":[{"embeddable":true,"href":"https:\/\/www.bacintl.com\/es\/wp-json\/wp\/v2\/media\/3442"}],"wp:attachment":[{"href":"https:\/\/www.bacintl.com\/es\/wp-json\/wp\/v2\/media?parent=2878"}],"wp:term":[{"taxonomy":"product_brand","embeddable":true,"href":"https:\/\/www.bacintl.com\/es\/wp-json\/wp\/v2\/product_brand?post=2878"},{"taxonomy":"product_cat","embeddable":true,"href":"https:\/\/www.bacintl.com\/es\/wp-json\/wp\/v2\/product_cat?post=2878"},{"taxonomy":"product_tag","embeddable":true,"href":"https:\/\/www.bacintl.com\/es\/wp-json\/wp\/v2\/product_tag?post=2878"}],"curies":[{"name":"wp","href":"https:\/\/api.w.org\/{rel}","templated":true}]}}