{"id":2870,"date":"2024-08-20T10:42:47","date_gmt":"2024-08-20T02:42:47","guid":{"rendered":"https:\/\/www.bacintl.com\/?post_type=product&#038;p=2870"},"modified":"2025-02-11T15:09:19","modified_gmt":"2025-02-11T07:09:19","slug":"mini-pleat-air-filter-product-4","status":"publish","type":"product","link":"https:\/\/www.bacintl.com\/es\/mini-pleat-air-filter-product-4\/","title":{"rendered":"Filtro de aire Mini Pleat con marco de papel"},"content":{"rendered":"<p>Por lo general, el material de los medios de comunicaci\u00f3n de la mini-filtro de pliegues es de fibra de vidrio, que se separ\u00f3 con adhesivo termofusible. Tiene buena elasticidad, ninguna deformaci\u00f3n, ninguna ca\u00edda apagado, y no se escapar\u00e1 el aire cuando est\u00e1 instalado y utilizado. La temperatura m\u00e1xima de funcionamiento es de hasta 70\u2103. Mini filtro HEPA de pliegues es un tipo de filtro HEPA, que puede eliminar las part\u00edculas m\u00e1s finas. Adopta un medio especial que juega un papel importante en la captura de part\u00edculas peque\u00f1as y grandes con una restricci\u00f3n m\u00ednima del flujo de aire. Tambi\u00e9n tiene algunas ventajas, tales como un peso m\u00e1s ligero, una estructura m\u00e1s compacta y m\u00e1s f\u00e1cil de llevar y as\u00ed sucesivamente.<\/p>","protected":false},"excerpt":{"rendered":"<p>Alta eficiencia, buen sellado, baja resistencia, larga vida \u00fatil y peso ligero, conveniente y f\u00e1cil para la instalaci\u00f3n y sustituci\u00f3n .<\/p>","protected":false},"featured_media":3757,"template":"","meta":{"_acf_changed":false},"product_brand":[],"product_cat":[52],"product_tag":[108,110],"class_list":{"0":"post-2870","1":"product","2":"type-product","3":"status-publish","4":"has-post-thumbnail","6":"product_cat-mini-pleat-air-filter","7":"product_tag-solution-microelectronics","8":"product_tag-solution-new-energy","10":"first","11":"instock","12":"shipping-taxable","13":"product-type-simple"},"acf":[],"_links":{"self":[{"href":"https:\/\/www.bacintl.com\/es\/wp-json\/wp\/v2\/product\/2870","targetHints":{"allow":["GET"]}}],"collection":[{"href":"https:\/\/www.bacintl.com\/es\/wp-json\/wp\/v2\/product"}],"about":[{"href":"https:\/\/www.bacintl.com\/es\/wp-json\/wp\/v2\/types\/product"}],"wp:featuredmedia":[{"embeddable":true,"href":"https:\/\/www.bacintl.com\/es\/wp-json\/wp\/v2\/media\/3757"}],"wp:attachment":[{"href":"https:\/\/www.bacintl.com\/es\/wp-json\/wp\/v2\/media?parent=2870"}],"wp:term":[{"taxonomy":"product_brand","embeddable":true,"href":"https:\/\/www.bacintl.com\/es\/wp-json\/wp\/v2\/product_brand?post=2870"},{"taxonomy":"product_cat","embeddable":true,"href":"https:\/\/www.bacintl.com\/es\/wp-json\/wp\/v2\/product_cat?post=2870"},{"taxonomy":"product_tag","embeddable":true,"href":"https:\/\/www.bacintl.com\/es\/wp-json\/wp\/v2\/product_tag?post=2870"}],"curies":[{"name":"wp","href":"https:\/\/api.w.org\/{rel}","templated":true}]}}